{"id":127,"date":"2024-09-04T06:53:39","date_gmt":"2024-09-04T06:53:39","guid":{"rendered":"https:\/\/glebdran1tsyn.wordpress.com\/?page_id=127"},"modified":"2025-03-20T13:58:08","modified_gmt":"2025-03-20T13:58:08","slug":"veebiteenused-oppimiseks","status":"publish","type":"page","link":"https:\/\/glebdranitson24.thkit.ee\/wp\/?page_id=127","title":{"rendered":"Veebiteenused \u00f5ppimiseks"},"content":{"rendered":"\n<figure class=\"wp-block-table is-style-stripes\"><table class=\"has-fixed-layout\"><tbody><tr><td><a href=\"https:\/\/www.google.com\/\">https:\/\/www.google.com\/<\/a><br><a href=\"https:\/\/openai.com\/chatgpt\/\">https:\/\/openai.com\/chatgpt\/<\/a><\/td><td>Otsing netis, p\u00e4ringu koostamine \/ aitab kui tekkib k\u00fcsimused<\/td><\/tr><tr><td><a href=\"https:\/\/www.slideshare.net\/\">https:\/\/www.slideshare.net\/<\/a><br><a href=\"https:\/\/www.canva.com\/et_ee\/\">https:\/\/www.canva.com\/et_ee\/<\/a><br><a href=\"https:\/\/www.mentimeter.com\/\">https:\/\/www.mentimeter.com\/<\/a><\/td><td>Interaktiivsed esitlused<\/td><\/tr><tr><td><a href=\"https:\/\/www.gliffy.com\/products\/gliffy-online\">https:\/\/www.gliffy.com\/products\/gliffy-online<\/a><br><a href=\"https:\/\/www.lucidchart.com\/\">https:\/\/www.lucidchart.com\/<\/a><\/td><td>Skeemid \/ plaanid \/ joonised \/ algoritmide joonistamine<\/td><\/tr><tr><td><a href=\"https:\/\/www.desmos.com\/?lang=et\">https:\/\/www.desmos.com\/?lang=et<\/a><\/td><td>Matemaatika<\/td><\/tr><tr><td><a href=\"https:\/\/create.kahoot.it\/auth\/login\">https:\/\/create.kahoot.it\/auth\/login<\/a><br><a href=\"https:\/\/www.google.com\/forms\/about\/\">https:\/\/www.google.com\/forms\/about\/<\/a><br><a href=\"https:\/\/quizizz.com\/?lng=en\">https:\/\/quizizz.com\/?lng=en<\/a><br><a href=\"https:\/\/learningapps.org\/\">https:\/\/learningapps.org\/<\/a><\/td><td>K\u00fcsimustikud \/ M\u00e4ngud \/ Viktoriinid \/ Rists\u00f5nad<\/td><\/tr><tr><td><a href=\"https:\/\/wordart.com\/\">https:\/\/wordart.com\/<\/a><\/td><td>S\u00f5nade pilv<\/td><\/tr><tr><td><a href=\"https:\/\/www.deepl.com\/en\/translator\">https:\/\/www.deepl.com\/en\/translator<\/a><\/td><td>T\u00f5lkija<\/td><\/tr><tr><td><a href=\"https:\/\/translit.ru\/\">https:\/\/translit.ru\/<\/a><\/td><td>Translit<\/td><\/tr><tr><td><a href=\"https:\/\/www.photopea.com\/\">https:\/\/www.photopea.com\/<\/a><\/td><td>Piltide t\u00f6\u00f6tlus<\/td><\/tr><tr><td><a href=\"https:\/\/openai.com\/chatgpt\/\">https:\/\/openai.com\/chatgpt\/<\/a><br><a href=\"https:\/\/www.mockaroo.com\/\">https:\/\/www.mockaroo.com\/<\/a><\/td><td>AI<\/td><\/tr><tr><td><a href=\"https:\/\/screenpal.com\/screen-recorder\">https:\/\/screenpal.com\/screen-recorder<\/a><\/td><td>Ekraani video loomine<\/td><\/tr><tr><td><a href=\"https:\/\/www.watermarkremover.io\/\">https:\/\/www.watermarkremover.io\/<\/a><\/td><td>Veemark kustutamine AI<\/td><\/tr><tr><td><a href=\"https:\/\/www.remove.bg\/\">https:\/\/www.remove.bg\/<\/a><\/td><td>Background remover<\/td><\/tr><tr><td><a href=\"https:\/\/vmake.ai\/image-enhancer\">https:\/\/vmake.ai\/image-enhancer<\/a><\/td><td>Teeb piltide kvaliteet parem<\/td><\/tr><\/tbody><\/table><\/figure>\n\n\n\n<p class=\"has-vivid-green-cyan-background-color has-background\">\u00dclesanne.<br>Kasuta 2 veebivahendit (1 &#8211; varem nimetatud ja 1 oma poolt valitud) tee n\u00e4idis, kuidas kasutada.<\/p>\n\n\n\n<p class=\"has-pale-cyan-blue-background-color has-background\">\u041f\u043e \u0441\u043a\u043e\u043b\u044c\u043a\u0443 \u044f \u0435\u0449\u0435 \u043d\u0435 \u0443\u0441\u043f\u0435\u043b \u043d\u0430\u0447\u0430\u0442\u044c \u0443\u0447\u0438\u0442\u044c\u0441\u044f, \u043f\u0440\u0438\u043c\u0435\u0440\u044b \u0431\u0443\u0434\u0443 \u043f\u0440\u0438\u0432\u043e\u0434\u0438\u0442\u044c \u043d\u0430 \u043e\u0441\u043d\u043e\u0432\u0430\u043d\u0438\u0438 \u043c\u043e\u0435\u0439 \u0440\u0430\u0431\u043e\u0442\u044b.<br><a href=\"https:\/\/www.google.com\/https:\/\/openai.com\/chatgpt\/\">https:\/\/www.google.com\/<br>https:\/\/openai.com\/chatgpt\/<\/a><br>\u043f\u0440\u0438 \u0432\u044b\u0441\u0442\u0430\u0432\u043b\u0435\u043d\u0438\u0438 \u043d\u043e\u0432\u043e\u0433\u043e \u0430\u0440\u0442\u0438\u043a\u0443\u043b\u0430 \u0432 \u043c\u0430\u0433\u0430\u0437\u0438\u043d, \u043e\u0441\u043d\u043e\u0432\u043d\u043e\u0439 \u043f\u043e\u0438\u0441\u043a \u043a\u043e\u043d\u0442\u0435\u043d\u0442\u0430 \u0438\u0434\u0435\u0442 \u0447\u0435\u0440\u0435\u0437 \u0433\u0443\u0433\u043b (\u043a\u0430\u0440\u0442\u0438\u043d\u043a\u0438, \u043e\u043f\u0438\u0441\u0430\u043d\u0438\u0435, \u043f\u0440\u043e\u0432\u0435\u0440\u043a\u0430 \u043a\u043e\u043d\u043a\u0443\u0440\u0435\u043d\u0442\u043e\u0432)<br>\u0414\u0430\u043b\u0435\u0435 \u0438\u0441\u043f\u043e\u043b\u044c\u0437\u0443\u044e \u0418\u0418 \u0434\u043b\u044f \u043f\u0435\u0440\u0435\u0432\u043e\u0434\u0430 \u043e\u043f\u0438\u0441\u0430\u043d\u0438\u044f \u0442\u043e\u0432\u0430\u0440\u0430 \u043d\u0430 7 \u0440\u0430\u0437\u043d\u044b\u0445 \u044f\u0437\u044b\u043a\u043e\u0432 (\u043d\u0435\u043c\u0435\u0446\u043a\u0438\u0439, \u0444\u0438\u043d\u0441\u043a\u0438\u0439, \u044d\u0441\u0442\u043e\u043d\u0441\u043a\u0438\u0439, \u0444\u0440\u0430\u043d\u0446\u0443\u0437\u0441\u043a\u0438\u0439, \u0440\u0443\u0441\u0441\u043a\u0438\u0439, \u0448\u0432\u0435\u0434\u0441\u043a\u0438\u0439), \u0431\u0430\u0437\u043e\u0432\u044b\u0439 \u0431\u0435\u0440\u0443 \u043a\u0430\u043a \u043f\u0440\u0430\u0432\u0438\u043b\u043e \u0430\u043d\u0433\u043b\u0438\u0439\u0441\u043a\u0438\u0439 \u044f\u0437\u044b\u043a \u0442\u0430\u043a-\u043a\u0430\u043a \u043e\u043d \u043b\u0443\u0447\u0448\u0435 \u0432\u0441\u0435\u0433\u043e \u043f\u0435\u0440\u0435\u0432\u043e\u0434\u0438\u0442 \u043d\u0430 \u0434\u0440\u0443\u0433\u0438\u0435 \u044f\u0437\u044b\u043a\u0438 \u0438 \u043c\u043e\u0436\u0435\u0442 \u043f\u0435\u0440\u0435\u0432\u043e\u0434\u0438\u0442\u044c \u0441\u0440\u0430\u0437\u0443 \u0440\u0430\u0437\u043e\u043c. \u0422\u0430\u043a \u0436\u0435 \u043f\u0440\u0438 \u0434\u043e\u0431\u0430\u0432\u043b\u0435\u043d\u0438\u0438 \u043e\u043f\u0438\u0441\u0430\u043d\u0438\u044f \u0438\u0441\u043f\u043e\u043b\u044c\u0437\u0443\u044e html, \u044f \u043f\u043e\u0434\u0433\u043e\u0442\u0430\u0432\u043b\u0438\u0432\u0430\u044e \u044d\u0442\u0430\u043b\u043e\u043d\u043d\u043e\u0435 \u043e\u043f\u0438\u0441\u0430\u043d\u0438\u0435 \u0441 html \u0442\u0435\u0433\u0430\u043c\u0438, \u043f\u043e\u0441\u043b\u0435 \u0447\u0435\u0433\u043e \u0437\u0430\u043a\u0438\u0434\u044b\u0432\u0430\u044e \u0432 \u0418\u0418 \u0438 \u043e\u043d \u0441\u043e\u0445\u0440\u0430\u043d\u044f\u044f \u0432\u0441\u0435 \u0442\u0435\u0433\u0438 \u0442\u0430\u043a-\u0436\u0435 \u0434\u0435\u043b\u0430\u0435\u0442 \u043f\u0435\u0440\u0435\u0432\u043e\u0434\u044b \u0441 \u0432\u043e\u0437\u043c\u043e\u0436\u043d\u043e\u0441\u0442\u044c\u044e \u0443\u0434\u043e\u0431\u043d\u043e \u043a\u043e\u043f\u0438\u0440\u043e\u0432\u0430\u0442\u044c, \u043d\u0430 \u0432\u0441\u0435 7 \u044f\u0437\u044b\u043a\u043e\u0432. \u0422\u0430\u043a \u0436\u0435 \u043e\u043d \u043f\u043e\u043c\u043e\u0433\u0430\u0435\u0442 \u043f\u0440\u0438\u0434\u0443\u043c\u044b\u0432\u0430\u0442\u044c \u043f\u0440\u043e\u043c\u043e \u0442\u0435\u043a\u0441\u0442\u0430 \u0434\u043b\u044f \u043a\u0430\u043a\u0438\u0445-\u043b\u0438\u0431\u043e \u0430\u043a\u0446\u0438\u0439\/\u043a\u043e\u043c\u043f\u0430\u043d\u0438\u0439. \u041f\u0440\u0438 \u0432\u043e\u0437\u043d\u0438\u043a\u043d\u043e\u0432\u0435\u043d\u0438\u0438 \u0442\u0443\u0434\u043d\u043e\u0441\u0442\u0435\u0439 \u0441 \u044d\u043a\u0441\u0435\u043b\u044c, \u044f \u0442\u0430\u043a \u0436\u0435 \u043e\u0431\u0440\u0430\u0449\u0430\u044e\u0441\u044c \u043a \u0418\u0418 \u0447\u0442\u043e \u0431\u044b \u043e\u043d \u043c\u043d\u0435 \u0440\u0430\u0437\u0436\u0435\u0432\u0430\u043b \u0442\u0443 \u0438\u043b\u0438 \u0438\u043d\u0443\u044e \u0444\u043e\u0440\u043c\u0443\u043b\u0443 \u0438 \u0442\u043e \u043a\u0430\u043a \u043e\u043d\u0430 \u0440\u0430\u0431\u043e\u0442\u0430\u0435\u0442.<br><br>\u043f\u043e\u043c\u043e\u0433\u0430\u0435\u0442 \u0440\u0430\u0431\u043e\u0442\u0430\u0442\u044c \u0441 \u043a\u0430\u0440\u0442\u0438\u043d\u043a\u0430\u043c\u0438 (\u0443\u0431\u0438\u0440\u0430\u0435\u0442 \u0432\u043e\u0434\u044f\u043d\u044b\u0435 \u0437\u043d\u0430\u043a\u0438, \u0443\u0431\u0438\u0440\u0430\u0435\u0442 \u0444\u043e\u043d, \u0443\u043b\u0443\u0447\u0448\u0430\u0435\u0442 \u043a\u0430\u0447\u0435\u0441\u0442\u0432\u043e)<br><a href=\"https:\/\/www.watermarkremover.io\/\">https:\/\/www.watermarkremover.io\/<\/a><br><a href=\"https:\/\/www.remove.bg\/\">https:\/\/www.remove.bg\/<\/a><br><a href=\"https:\/\/vmake.ai\/image-enhancer\">https:\/\/vmake.ai\/image-enhancer<\/a><\/p>\n\n\n\n<p><\/p>\n\n\n\n<figure class=\"wp-block-image\"><img decoding=\"async\" src=\"https:\/\/glebdran1tsyn.wordpress.com\/wp-content\/uploads\/2024\/09\/it.jpg\" alt=\"\" class=\"wp-image-136\" \/><\/figure>\n","protected":false},"excerpt":{"rendered":"<p>https:\/\/www.google.com\/https:\/\/openai.com\/chatgpt\/ Otsing netis, p\u00e4ringu koostamine \/ aitab kui tekkib k\u00fcsimused https:\/\/www.slideshare.net\/https:\/\/www.canva.com\/et_ee\/https:\/\/www.mentimeter.com\/ Interaktiivsed esitlused https:\/\/www.gliffy.com\/products\/gliffy-onlinehttps:\/\/www.lucidchart.com\/ Skeemid \/ plaanid \/ joonised \/ algoritmide joonistamine https:\/\/www.desmos.com\/?lang=et Matemaatika https:\/\/create.kahoot.it\/auth\/loginhttps:\/\/www.google.com\/forms\/about\/https:\/\/quizizz.com\/?lng=enhttps:\/\/learningapps.org\/ K\u00fcsimustikud \/ M\u00e4ngud \/ Viktoriinid \/ Rists\u00f5nad https:\/\/wordart.com\/ S\u00f5nade pilv https:\/\/www.deepl.com\/en\/translator T\u00f5lkija https:\/\/translit.ru\/ Translit https:\/\/www.photopea.com\/ Piltide t\u00f6\u00f6tlus https:\/\/openai.com\/chatgpt\/https:\/\/www.mockaroo.com\/ AI https:\/\/screenpal.com\/screen-recorder Ekraani video loomine https:\/\/www.watermarkremover.io\/ Veemark kustutamine AI https:\/\/www.remove.bg\/ Background remover &#8230; <a title=\"Veebiteenused \u00f5ppimiseks\" class=\"read-more\" href=\"https:\/\/glebdranitson24.thkit.ee\/wp\/?page_id=127\" aria-label=\"Read more about Veebiteenused \u00f5ppimiseks\">Read more<\/a><\/p>\n","protected":false},"author":1,"featured_media":0,"parent":0,"menu_order":0,"comment_status":"closed","ping_status":"closed","template":"","meta":{"footnotes":""},"class_list":["post-127","page","type-page","status-publish"],"yoast_head":"<!-- This site is optimized with the Yoast SEO plugin v27.3 - https:\/\/yoast.com\/product\/yoast-seo-wordpress\/ -->\n<title>Veebiteenused \u00f5ppimiseks - Gleb Dranitsyn \/ Portfolio<\/title>\n<meta name=\"description\" content=\"Veebivahendid t\u00f6\u00f6 jaoks: Google ja AI t\u00f6\u00f6riistad sisuotsinguks, t\u00f5lkimiseks, HTML-i ja Exceli abiks ning pildit\u00f6\u00f6tluseks \u2013 vesim\u00e4rkide ja\" \/>\n<meta name=\"robots\" content=\"index, follow, max-snippet:-1, max-image-preview:large, max-video-preview:-1\" \/>\n<link rel=\"canonical\" href=\"https:\/\/glebdranitson24.thkit.ee\/wp\/?page_id=127\" \/>\n<meta property=\"og:locale\" content=\"et_EE\" \/>\n<meta property=\"og:type\" content=\"article\" \/>\n<meta property=\"og:title\" content=\"Veebiteenused \u00f5ppimiseks - Gleb Dranitsyn \/ Portfolio\" \/>\n<meta property=\"og:description\" content=\"Veebivahendid t\u00f6\u00f6 jaoks: Google ja AI t\u00f6\u00f6riistad sisuotsinguks, t\u00f5lkimiseks, HTML-i ja Exceli abiks ning pildit\u00f6\u00f6tluseks \u2013 vesim\u00e4rkide ja\" \/>\n<meta property=\"og:url\" content=\"https:\/\/glebdranitson24.thkit.ee\/wp\/?page_id=127\" \/>\n<meta property=\"og:site_name\" content=\"Gleb Dranitsyn \/ Portfolio\" \/>\n<meta property=\"article:modified_time\" content=\"2025-03-20T13:58:08+00:00\" \/>\n<meta name=\"twitter:card\" content=\"summary_large_image\" \/>\n<meta name=\"twitter:label1\" content=\"Est. reading time\" \/>\n\t<meta name=\"twitter:data1\" content=\"2 minutit\" \/>\n<script type=\"application\/ld+json\" class=\"yoast-schema-graph\">{\"@context\":\"https:\\\/\\\/schema.org\",\"@graph\":[{\"@type\":\"WebPage\",\"@id\":\"https:\\\/\\\/glebdranitson24.thkit.ee\\\/wp\\\/?page_id=127\",\"url\":\"https:\\\/\\\/glebdranitson24.thkit.ee\\\/wp\\\/?page_id=127\",\"name\":\"Veebiteenused \u00f5ppimiseks - Gleb Dranitsyn \\\/ Portfolio\",\"isPartOf\":{\"@id\":\"https:\\\/\\\/glebdranitson24.thkit.ee\\\/wp\\\/#website\"},\"primaryImageOfPage\":{\"@id\":\"https:\\\/\\\/glebdranitson24.thkit.ee\\\/wp\\\/?page_id=127#primaryimage\"},\"image\":{\"@id\":\"https:\\\/\\\/glebdranitson24.thkit.ee\\\/wp\\\/?page_id=127#primaryimage\"},\"thumbnailUrl\":\"https:\\\/\\\/glebdran1tsyn.wordpress.com\\\/wp-content\\\/uploads\\\/2024\\\/09\\\/it.jpg\",\"datePublished\":\"2024-09-04T06:53:39+00:00\",\"dateModified\":\"2025-03-20T13:58:08+00:00\",\"description\":\"Veebivahendid t\u00f6\u00f6 jaoks: Google ja AI t\u00f6\u00f6riistad sisuotsinguks, t\u00f5lkimiseks, HTML-i ja Exceli abiks ning pildit\u00f6\u00f6tluseks \u2013 vesim\u00e4rkide ja\",\"breadcrumb\":{\"@id\":\"https:\\\/\\\/glebdranitson24.thkit.ee\\\/wp\\\/?page_id=127#breadcrumb\"},\"inLanguage\":\"et\",\"potentialAction\":[{\"@type\":\"ReadAction\",\"target\":[\"https:\\\/\\\/glebdranitson24.thkit.ee\\\/wp\\\/?page_id=127\"]}]},{\"@type\":\"ImageObject\",\"inLanguage\":\"et\",\"@id\":\"https:\\\/\\\/glebdranitson24.thkit.ee\\\/wp\\\/?page_id=127#primaryimage\",\"url\":\"https:\\\/\\\/glebdran1tsyn.wordpress.com\\\/wp-content\\\/uploads\\\/2024\\\/09\\\/it.jpg\",\"contentUrl\":\"https:\\\/\\\/glebdran1tsyn.wordpress.com\\\/wp-content\\\/uploads\\\/2024\\\/09\\\/it.jpg\"},{\"@type\":\"BreadcrumbList\",\"@id\":\"https:\\\/\\\/glebdranitson24.thkit.ee\\\/wp\\\/?page_id=127#breadcrumb\",\"itemListElement\":[{\"@type\":\"ListItem\",\"position\":1,\"name\":\"\u0413\u043b\u0430\u0432\u043d\u0430\u044f \u0441\u0442\u0440\u0430\u043d\u0438\u0446\u0430\",\"item\":\"https:\\\/\\\/glebdranitson24.thkit.ee\\\/wp\\\/\"},{\"@type\":\"ListItem\",\"position\":2,\"name\":\"Veebiteenused \u00f5ppimiseks\"}]},{\"@type\":\"WebSite\",\"@id\":\"https:\\\/\\\/glebdranitson24.thkit.ee\\\/wp\\\/#website\",\"url\":\"https:\\\/\\\/glebdranitson24.thkit.ee\\\/wp\\\/\",\"name\":\"Gleb Dranitsyn \\\/ Portfolio\",\"description\":\"Tarkvara aarendaja\",\"publisher\":{\"@id\":\"https:\\\/\\\/glebdranitson24.thkit.ee\\\/wp\\\/#organization\"},\"potentialAction\":[{\"@type\":\"SearchAction\",\"target\":{\"@type\":\"EntryPoint\",\"urlTemplate\":\"https:\\\/\\\/glebdranitson24.thkit.ee\\\/wp\\\/?s={search_term_string}\"},\"query-input\":{\"@type\":\"PropertyValueSpecification\",\"valueRequired\":true,\"valueName\":\"search_term_string\"}}],\"inLanguage\":\"et\"},{\"@type\":\"Organization\",\"@id\":\"https:\\\/\\\/glebdranitson24.thkit.ee\\\/wp\\\/#organization\",\"name\":\"Gleb Dranitsyn \\\/ Portfolio\",\"url\":\"https:\\\/\\\/glebdranitson24.thkit.ee\\\/wp\\\/\",\"logo\":{\"@type\":\"ImageObject\",\"inLanguage\":\"et\",\"@id\":\"https:\\\/\\\/glebdranitson24.thkit.ee\\\/wp\\\/#\\\/schema\\\/logo\\\/image\\\/\",\"url\":\"https:\\\/\\\/glebdranitson24.thkit.ee\\\/wp\\\/wp-content\\\/uploads\\\/2025\\\/03\\\/cropped-cropped-logo1.jpg\",\"contentUrl\":\"https:\\\/\\\/glebdranitson24.thkit.ee\\\/wp\\\/wp-content\\\/uploads\\\/2025\\\/03\\\/cropped-cropped-logo1.jpg\",\"width\":400,\"height\":171,\"caption\":\"Gleb Dranitsyn \\\/ Portfolio\"},\"image\":{\"@id\":\"https:\\\/\\\/glebdranitson24.thkit.ee\\\/wp\\\/#\\\/schema\\\/logo\\\/image\\\/\"}}]}<\/script>\n<!-- \/ Yoast SEO plugin. -->","yoast_head_json":{"title":"Veebiteenused \u00f5ppimiseks - Gleb Dranitsyn \/ Portfolio","description":"Veebivahendid t\u00f6\u00f6 jaoks: Google ja AI t\u00f6\u00f6riistad sisuotsinguks, t\u00f5lkimiseks, HTML-i ja Exceli abiks ning pildit\u00f6\u00f6tluseks \u2013 vesim\u00e4rkide ja","robots":{"index":"index","follow":"follow","max-snippet":"max-snippet:-1","max-image-preview":"max-image-preview:large","max-video-preview":"max-video-preview:-1"},"canonical":"https:\/\/glebdranitson24.thkit.ee\/wp\/?page_id=127","og_locale":"et_EE","og_type":"article","og_title":"Veebiteenused \u00f5ppimiseks - Gleb Dranitsyn \/ Portfolio","og_description":"Veebivahendid t\u00f6\u00f6 jaoks: Google ja AI t\u00f6\u00f6riistad sisuotsinguks, t\u00f5lkimiseks, HTML-i ja Exceli abiks ning pildit\u00f6\u00f6tluseks \u2013 vesim\u00e4rkide ja","og_url":"https:\/\/glebdranitson24.thkit.ee\/wp\/?page_id=127","og_site_name":"Gleb Dranitsyn \/ Portfolio","article_modified_time":"2025-03-20T13:58:08+00:00","twitter_card":"summary_large_image","twitter_misc":{"Est. reading time":"2 minutit"},"schema":{"@context":"https:\/\/schema.org","@graph":[{"@type":"WebPage","@id":"https:\/\/glebdranitson24.thkit.ee\/wp\/?page_id=127","url":"https:\/\/glebdranitson24.thkit.ee\/wp\/?page_id=127","name":"Veebiteenused \u00f5ppimiseks - Gleb Dranitsyn \/ Portfolio","isPartOf":{"@id":"https:\/\/glebdranitson24.thkit.ee\/wp\/#website"},"primaryImageOfPage":{"@id":"https:\/\/glebdranitson24.thkit.ee\/wp\/?page_id=127#primaryimage"},"image":{"@id":"https:\/\/glebdranitson24.thkit.ee\/wp\/?page_id=127#primaryimage"},"thumbnailUrl":"https:\/\/glebdran1tsyn.wordpress.com\/wp-content\/uploads\/2024\/09\/it.jpg","datePublished":"2024-09-04T06:53:39+00:00","dateModified":"2025-03-20T13:58:08+00:00","description":"Veebivahendid t\u00f6\u00f6 jaoks: Google ja AI t\u00f6\u00f6riistad sisuotsinguks, t\u00f5lkimiseks, HTML-i ja Exceli abiks ning pildit\u00f6\u00f6tluseks \u2013 vesim\u00e4rkide ja","breadcrumb":{"@id":"https:\/\/glebdranitson24.thkit.ee\/wp\/?page_id=127#breadcrumb"},"inLanguage":"et","potentialAction":[{"@type":"ReadAction","target":["https:\/\/glebdranitson24.thkit.ee\/wp\/?page_id=127"]}]},{"@type":"ImageObject","inLanguage":"et","@id":"https:\/\/glebdranitson24.thkit.ee\/wp\/?page_id=127#primaryimage","url":"https:\/\/glebdran1tsyn.wordpress.com\/wp-content\/uploads\/2024\/09\/it.jpg","contentUrl":"https:\/\/glebdran1tsyn.wordpress.com\/wp-content\/uploads\/2024\/09\/it.jpg"},{"@type":"BreadcrumbList","@id":"https:\/\/glebdranitson24.thkit.ee\/wp\/?page_id=127#breadcrumb","itemListElement":[{"@type":"ListItem","position":1,"name":"\u0413\u043b\u0430\u0432\u043d\u0430\u044f \u0441\u0442\u0440\u0430\u043d\u0438\u0446\u0430","item":"https:\/\/glebdranitson24.thkit.ee\/wp\/"},{"@type":"ListItem","position":2,"name":"Veebiteenused \u00f5ppimiseks"}]},{"@type":"WebSite","@id":"https:\/\/glebdranitson24.thkit.ee\/wp\/#website","url":"https:\/\/glebdranitson24.thkit.ee\/wp\/","name":"Gleb Dranitsyn \/ Portfolio","description":"Tarkvara aarendaja","publisher":{"@id":"https:\/\/glebdranitson24.thkit.ee\/wp\/#organization"},"potentialAction":[{"@type":"SearchAction","target":{"@type":"EntryPoint","urlTemplate":"https:\/\/glebdranitson24.thkit.ee\/wp\/?s={search_term_string}"},"query-input":{"@type":"PropertyValueSpecification","valueRequired":true,"valueName":"search_term_string"}}],"inLanguage":"et"},{"@type":"Organization","@id":"https:\/\/glebdranitson24.thkit.ee\/wp\/#organization","name":"Gleb Dranitsyn \/ Portfolio","url":"https:\/\/glebdranitson24.thkit.ee\/wp\/","logo":{"@type":"ImageObject","inLanguage":"et","@id":"https:\/\/glebdranitson24.thkit.ee\/wp\/#\/schema\/logo\/image\/","url":"https:\/\/glebdranitson24.thkit.ee\/wp\/wp-content\/uploads\/2025\/03\/cropped-cropped-logo1.jpg","contentUrl":"https:\/\/glebdranitson24.thkit.ee\/wp\/wp-content\/uploads\/2025\/03\/cropped-cropped-logo1.jpg","width":400,"height":171,"caption":"Gleb Dranitsyn \/ Portfolio"},"image":{"@id":"https:\/\/glebdranitson24.thkit.ee\/wp\/#\/schema\/logo\/image\/"}}]}},"_links":{"self":[{"href":"https:\/\/glebdranitson24.thkit.ee\/wp\/index.php?rest_route=\/wp\/v2\/pages\/127","targetHints":{"allow":["GET"]}}],"collection":[{"href":"https:\/\/glebdranitson24.thkit.ee\/wp\/index.php?rest_route=\/wp\/v2\/pages"}],"about":[{"href":"https:\/\/glebdranitson24.thkit.ee\/wp\/index.php?rest_route=\/wp\/v2\/types\/page"}],"author":[{"embeddable":true,"href":"https:\/\/glebdranitson24.thkit.ee\/wp\/index.php?rest_route=\/wp\/v2\/users\/1"}],"replies":[{"embeddable":true,"href":"https:\/\/glebdranitson24.thkit.ee\/wp\/index.php?rest_route=%2Fwp%2Fv2%2Fcomments&post=127"}],"version-history":[{"count":1,"href":"https:\/\/glebdranitson24.thkit.ee\/wp\/index.php?rest_route=\/wp\/v2\/pages\/127\/revisions"}],"predecessor-version":[{"id":631,"href":"https:\/\/glebdranitson24.thkit.ee\/wp\/index.php?rest_route=\/wp\/v2\/pages\/127\/revisions\/631"}],"wp:attachment":[{"href":"https:\/\/glebdranitson24.thkit.ee\/wp\/index.php?rest_route=%2Fwp%2Fv2%2Fmedia&parent=127"}],"curies":[{"name":"wp","href":"https:\/\/api.w.org\/{rel}","templated":true}]}}