{"id":219,"date":"2024-11-06T15:06:43","date_gmt":"2024-11-06T15:06:43","guid":{"rendered":"https:\/\/glebdran1tsyn.wordpress.com\/?page_id=214"},"modified":"2025-03-28T08:41:23","modified_gmt":"2025-03-28T08:41:23","slug":"spiral-model","status":"publish","type":"page","link":"https:\/\/glebdranitson24.thkit.ee\/wp\/?page_id=219","title":{"rendered":"Spiral Model"},"content":{"rendered":"\n<p>Spiraalmudel on \u00fcks keerukamaid mudeleid, mis \u00fchendab iteratiivse l\u00e4henemise riskide anal\u00fc\u00fcsi ja juhtimisega. See on m\u00f5eldud keerukate projektide arendamiseks, millel on k\u00f5rge m\u00e4\u00e4ramatus ja vajadus teha muudatusi igas etapis.<\/p>\n\n\n\n<h3 class=\"wp-block-heading\">Spiraalmudeli etapid:<\/h3>\n\n\n\n<ol class=\"wp-block-list\">\n<li><strong>Eesm\u00e4rkide m\u00e4\u00e4ratlemine (Determine Objectives):<\/strong> Esimeses etapis m\u00e4\u00e4ratakse kindlaks projekti eesm\u00e4rgid ja \u00fclesanded, anal\u00fc\u00fcsitakse n\u00f5udeid ja riske. Koostatakse plaanid eesm\u00e4rkide saavutamiseks ja alustatakse protot\u00fc\u00fcpide v\u00e4ljat\u00f6\u00f6tamist.<\/li>\n\n\n\n<li><strong>Riskide anal\u00fc\u00fcs ja juhtimine (Risk Analysis):<\/strong> Spiraalmudeli peamine erip\u00e4ra on p\u00f5hjalik riskide anal\u00fc\u00fcs ja juhtimine. Meeskond hindab v\u00f5imalikke ohte ning t\u00f6\u00f6tab v\u00e4lja strateegiad nende minimeerimiseks v\u00f5i v\u00e4ltimiseks.<\/li>\n\n\n\n<li><strong>Projekteerimine ja protot\u00fc\u00fcpimine (Engineering and Prototyping):<\/strong> Protot\u00fc\u00fcbi v\u00f5i t\u00f6\u00f6tava tarkvaraversiooni loomine valitud lahenduste testimiseks. See etapp v\u00f5imaldab hinnata projekti tehnilist teostatavust ja tuvastada v\u00f5imalikke probleeme varases faasis.<\/li>\n\n\n\n<li><strong>Hindamine ja j\u00e4rgmise faasi planeerimine (Evaluation and Planning):<\/strong> Projekti hetkeseisu anal\u00fc\u00fcs, tagasiside kogumine ja j\u00e4rgmise ringi planeerimine. Kui projekt vastab k\u00f5igile n\u00f5uetele ja testidele, liigutakse j\u00e4rgmisse ts\u00fcklisse.<\/li>\n<\/ol>\n\n\n\n<p>Iga spiraali ring kordab neid etappe, s\u00fcvendades projekti ja t\u00e4psustades seda, kuni saavutatakse l\u00f5pp-produkt.<\/p>\n\n\n\n<h3 class=\"wp-block-heading\">5 spiraalmudeli plussi:<\/h3>\n\n\n\n<ol class=\"wp-block-list\">\n<li><strong>Riskide juhtimine:<\/strong> \u00dcks suurimaid eeliseid on t\u00f5hus riskijuhtimine. Projekti hinnatakse igas ringis, mis aitab ootamatuid probleeme minimeerida.<\/li>\n\n\n\n<li><strong>Paindlikkus ja kohanemisv\u00f5ime:<\/strong> Mudel v\u00f5imaldab teha muudatusi igas arendusetapis, mist\u00f5ttu sobib see h\u00e4sti muutuva iseloomuga projektidele.<\/li>\n\n\n\n<li><strong>Iteratiivne protsess:<\/strong> Iga spiraali ring t\u00e4iustab ja t\u00e4psustab projekti, aidates tagada l\u00f5pp-produkti k\u00f5rge kvaliteedi.<\/li>\n\n\n\n<li><strong>Tellija k\u00f5rge kaasatus:<\/strong> Tellija osaleb k\u00f5ikides etappides, andes tagasisidet ja aidates planeerida j\u00e4rgmist ringi.<\/li>\n\n\n\n<li><strong>Sobib suurtele ja keerukatele projektidele:<\/strong> T\u00e4nu p\u00f5hjalikule l\u00e4henemisele ja riskijuhtimisele sobib mudel keerukate ja m\u00e4\u00e4ramatute projektide jaoks.<\/li>\n<\/ol>\n\n\n\n<h3 class=\"wp-block-heading\">5 spiraalmudeli miinust:<\/h3>\n\n\n\n<ol class=\"wp-block-list\">\n<li><strong>Keerukas juhtimine:<\/strong> Mudel n\u00f5uab p\u00f5hjalikku anal\u00fc\u00fcsi ja professionaalseid oskusi projektijuhtimises, mist\u00f5ttu v\u00f5ib see olla v\u00e4ikeste projektide jaoks keeruline.<\/li>\n\n\n\n<li><strong>K\u00f5rged kulud:<\/strong> Riskijuhtimine ja iteratiivne protsess n\u00f5uavad palju ressursse ja aega, mis suurendab projekti kogukulu.<\/li>\n\n\n\n<li><strong>T\u00f6\u00f6mahukus:<\/strong> Projekteerimine, anal\u00fc\u00fcs ja planeerimine igas ringis n\u00f5uab m\u00e4rkimisv\u00e4\u00e4rset pingutust, mis v\u00f5ib arendusprotsessi aeglustada.<\/li>\n\n\n\n<li><strong>Ei sobi lihtsate projektide jaoks:<\/strong> V\u00e4ikeste ja lihtsate projektide puhul v\u00f5ib spiraalmudeli kasutamine olla \u00fclem\u00e4\u00e4rane.<\/li>\n\n\n\n<li><strong>S\u00f5ltuvus riskianal\u00fc\u00fcsist:<\/strong> Mudeli t\u00f5husus s\u00f5ltub tugevalt riskianal\u00fc\u00fcsi kvaliteedist. Sellel etapil tehtud vead v\u00f5ivad p\u00f5hjustada ettearvamatuid tagaj\u00e4rgi.<\/li>\n<\/ol>\n\n\n\n<h3 class=\"wp-block-heading\">Kokkuv\u00f5te:<\/h3>\n\n\n\n<p>Spiraalmudel sobib ideaalselt suurte, keerukate ja m\u00e4\u00e4ramatute tarkvaraarendusprojektide jaoks. Selle iteratiivne l\u00e4henemine v\u00f5imaldab paindlikult reageerida muutuvatele n\u00f5uetele ning tagab tellija k\u00f5rge kaasatuse. Samas n\u00f5uab see mudel rohkelt ressursse ja projektijuhtimise kogemust, mist\u00f5ttu ei ole see sobiv v\u00e4iksemate ja stabiilsete n\u00f5uetega projektide jaoks. Spiraalmudel on eriti t\u00f5hus seal, kus on oluline riskide juhtimine, paindlikkus ja keerukus \u2013 ning \u00f5igesti rakendatuna viib see eduka projektitulemuseni.<\/p>\n\n\n\n<p><strong>\u0422\u0415\u0421\u0422: <a href=\"https:\/\/forms.gle\/4VxANXsebjxeaNpq7\">https:\/\/forms.gle\/4VxANXsebjxeaNpq7<\/a><\/strong><\/p>\n\n\n<div class = \"hdq_quiz_wrapper\"><a href = \"https:\/\/glebdranitson24.thkit.ee\/wp\/?page_id=219\" rel=\"noamphtml\" class = \"hdq_quiz_start hdq_button button\" role = \"button\">QUIZ START<\/a><\/div>\n\n\n\n<figure class=\"wp-block-image size-large is-resized\"><a href=\"https:\/\/glebdran1tsyn.wordpress.com\/wp-content\/uploads\/2024\/11\/testing-in-spiral-model.png\"><img decoding=\"async\" src=\"https:\/\/glebdran1tsyn.wordpress.com\/wp-content\/uploads\/2024\/11\/testing-in-spiral-model.png?w=500\" alt=\"\" class=\"wp-image-224\" style=\"width:840px;height:auto\"\/><\/a><\/figure>\n\n\n\n<figure class=\"wp-block-image size-large is-resized\"><a href=\"https:\/\/glebdran1tsyn.wordpress.com\/wp-content\/uploads\/2024\/11\/scale_1200.jpg\"><img decoding=\"async\" src=\"https:\/\/glebdran1tsyn.wordpress.com\/wp-content\/uploads\/2024\/11\/scale_1200.jpg?w=800\" alt=\"\" class=\"wp-image-225\" style=\"width:840px;height:auto\"\/><\/a><\/figure>\n\n\n\n<p>\u0438\u0441\u0442\u043e\u0447\u043d\u0438\u043a:<a href=\"https:\/\/dzen.ru\/a\/ZTXxXdEa4B0q_Sqa\">https:\/\/dzen.ru\/a\/ZTXxXdEa4B0q_Sqa<\/a>, <a href=\"https:\/\/testirovshik.com\/testirovanie-v-spiralnoj-modeli\/\">https:\/\/testirovshik.com\/testirovanie-v-spiralnoj-modeli\/<\/a>, <a href=\"https:\/\/agaltsovav.ru\/docs\/development-managment\/spiral-model\/#:~:text=%D0%9E%D1%81%D0%BD%D0%BE%D0%B2%D0%BD%D1%8B%D0%BC%20%D0%BF%D1%80%D0%B5%D0%B8%D0%BC%D1%83%D1%89%D0%B5%D1%81%D1%82%D0%B2%D0%BE%D0%BC%20%D1%81%D0%BF%D0%B8%D1%80%D0%B0%D0%BB%D1%8C%D0%BD%D0%BE%D0%B9%20%D0%BC%D0%BE%D0%B4%D0%B5%D0%BB%D0%B8%20%D1%8F%D0%B2%D0%BB%D1%8F%D0%B5%D1%82%D1%81%D1%8F,%D1%87%D0%B5%D0%BC%20%D0%B1%D0%BE%D0%BB%D0%B5%D0%B5%20%D1%82%D1%80%D0%B0%D0%B4%D0%B8%D1%86%D0%B8%D0%BE%D0%BD%D0%BD%D1%8B%D0%B5%20%D0%BC%D0%BE%D0%B4%D0%B5%D0%BB%D0%B8%20%D1%80%D0%B0%D0%B7%D1%80%D0%B0%D0%B1%D0%BE%D1%82%D0%BA%D0%B8.\">https:\/\/agaltsovav.ru\/docs\/development-managment\/spiral-model\/#:~:text=%D0%9E%D1%81%D0%BD%D0%BE%D0%B2%D0%BD%D1%8B%D0%BC%20%D0%BF%D1%80%D0%B5%D0%B8%D0%BC%D1%83%D1%89%D0%B5%D1%81%D1%82%D0%B2%D0%BE%D0%BC%20%D1%81%D0%BF%D0%B8%D1%80%D0%B0%D0%BB%D1%8C%D0%BD%D0%BE%D0%B9%20%D0%BC%D0%BE%D0%B4%D0%B5%D0%BB%D0%B8%20%D1%8F%D0%B2%D0%BB%D1%8F%D0%B5%D1%82%D1%81%D1%8F,%D1%87%D0%B5%D0%BC%20%D0%B1%D0%BE%D0%BB%D0%B5%D0%B5%20%D1%82%D1%80%D0%B0%D0%B4%D0%B8%D1%86%D0%B8%D0%BE%D0%BD%D0%BD%D1%8B%D0%B5%20%D0%BC%D0%BE%D0%B4%D0%B5%D0%BB%D0%B8%20%D1%80%D0%B0%D0%B7%D1%80%D0%B0%D0%B1%D0%BE%D1%82%D0%BA%D0%B8.<\/a>, <a href=\"https:\/\/ru.wikipedia.org\/wiki\/%D0%A1%D0%BF%D0%B8%D1%80%D0%B0%D0%BB%D1%8C%D0%BD%D0%B0%D1%8F_%D0%BC%D0%BE%D0%B4%D0%B5%D0%BB%D1%8C\">https:\/\/ru.wikipedia.org\/wiki\/%D0%A1%D0%BF%D0%B8%D1%80%D0%B0%D0%BB%D1%8C%D0%BD%D0%B0%D1%8F_%D0%BC%D0%BE%D0%B4%D0%B5%D0%BB%D1%8C<\/a><\/p>\n\n\n\n<p><\/p>\n","protected":false},"excerpt":{"rendered":"<p>Spiraalmudel on \u00fcks keerukamaid mudeleid, mis \u00fchendab iteratiivse l\u00e4henemise riskide anal\u00fc\u00fcsi ja juhtimisega. See on m\u00f5eldud keerukate projektide arendamiseks, millel on k\u00f5rge m\u00e4\u00e4ramatus ja vajadus teha muudatusi igas etapis. Spiraalmudeli etapid: Iga spiraali ring kordab neid etappe, s\u00fcvendades projekti ja t\u00e4psustades seda, kuni saavutatakse l\u00f5pp-produkt. 5 spiraalmudeli plussi: 5 spiraalmudeli miinust: Kokkuv\u00f5te: Spiraalmudel sobib ideaalselt &#8230; <a title=\"Spiral Model\" class=\"read-more\" href=\"https:\/\/glebdranitson24.thkit.ee\/wp\/?page_id=219\" aria-label=\"Read more about Spiral Model\">Read more<\/a><\/p>\n","protected":false},"author":1,"featured_media":0,"parent":0,"menu_order":0,"comment_status":"closed","ping_status":"closed","template":"","meta":{"footnotes":""},"class_list":["post-219","page","type-page","status-publish"],"yoast_head":"<!-- This site is optimized with the Yoast SEO plugin v27.3 - https:\/\/yoast.com\/product\/yoast-seo-wordpress\/ -->\n<title>Spiral Model - Gleb Dranitsyn \/ Portfolio<\/title>\n<meta name=\"description\" content=\"Spiraalmudel on \u00fcks keerukamaid mudeleid, mis \u00fchendab iteratiivse l\u00e4henemise riskide anal\u00fc\u00fcsi ja juhtimisega.\" \/>\n<meta name=\"robots\" content=\"index, follow, max-snippet:-1, max-image-preview:large, max-video-preview:-1\" \/>\n<link rel=\"canonical\" href=\"https:\/\/glebdranitson24.thkit.ee\/wp\/?page_id=219\" \/>\n<meta property=\"og:locale\" content=\"et_EE\" \/>\n<meta property=\"og:type\" content=\"article\" \/>\n<meta property=\"og:title\" content=\"Spiral Model - Gleb Dranitsyn \/ Portfolio\" \/>\n<meta property=\"og:description\" content=\"Spiraalmudel on \u00fcks keerukamaid mudeleid, mis \u00fchendab iteratiivse l\u00e4henemise riskide anal\u00fc\u00fcsi ja juhtimisega.\" \/>\n<meta property=\"og:url\" content=\"https:\/\/glebdranitson24.thkit.ee\/wp\/?page_id=219\" \/>\n<meta property=\"og:site_name\" content=\"Gleb Dranitsyn \/ Portfolio\" \/>\n<meta property=\"article:modified_time\" content=\"2025-03-28T08:41:23+00:00\" \/>\n<meta name=\"twitter:card\" content=\"summary_large_image\" \/>\n<meta name=\"twitter:label1\" content=\"Est. reading time\" \/>\n\t<meta name=\"twitter:data1\" content=\"3 minutit\" \/>\n<script type=\"application\/ld+json\" class=\"yoast-schema-graph\">{\"@context\":\"https:\\\/\\\/schema.org\",\"@graph\":[{\"@type\":\"WebPage\",\"@id\":\"https:\\\/\\\/glebdranitson24.thkit.ee\\\/wp\\\/?page_id=219\",\"url\":\"https:\\\/\\\/glebdranitson24.thkit.ee\\\/wp\\\/?page_id=219\",\"name\":\"Spiral Model - Gleb Dranitsyn \\\/ Portfolio\",\"isPartOf\":{\"@id\":\"https:\\\/\\\/glebdranitson24.thkit.ee\\\/wp\\\/#website\"},\"primaryImageOfPage\":{\"@id\":\"https:\\\/\\\/glebdranitson24.thkit.ee\\\/wp\\\/?page_id=219#primaryimage\"},\"image\":{\"@id\":\"https:\\\/\\\/glebdranitson24.thkit.ee\\\/wp\\\/?page_id=219#primaryimage\"},\"thumbnailUrl\":\"https:\\\/\\\/glebdran1tsyn.wordpress.com\\\/wp-content\\\/uploads\\\/2024\\\/11\\\/testing-in-spiral-model.png?w=500\",\"datePublished\":\"2024-11-06T15:06:43+00:00\",\"dateModified\":\"2025-03-28T08:41:23+00:00\",\"description\":\"Spiraalmudel on \u00fcks keerukamaid mudeleid, mis \u00fchendab iteratiivse l\u00e4henemise riskide anal\u00fc\u00fcsi ja juhtimisega.\",\"breadcrumb\":{\"@id\":\"https:\\\/\\\/glebdranitson24.thkit.ee\\\/wp\\\/?page_id=219#breadcrumb\"},\"inLanguage\":\"et\",\"potentialAction\":[{\"@type\":\"ReadAction\",\"target\":[\"https:\\\/\\\/glebdranitson24.thkit.ee\\\/wp\\\/?page_id=219\"]}]},{\"@type\":\"ImageObject\",\"inLanguage\":\"et\",\"@id\":\"https:\\\/\\\/glebdranitson24.thkit.ee\\\/wp\\\/?page_id=219#primaryimage\",\"url\":\"https:\\\/\\\/glebdran1tsyn.wordpress.com\\\/wp-content\\\/uploads\\\/2024\\\/11\\\/testing-in-spiral-model.png?w=500\",\"contentUrl\":\"https:\\\/\\\/glebdran1tsyn.wordpress.com\\\/wp-content\\\/uploads\\\/2024\\\/11\\\/testing-in-spiral-model.png?w=500\"},{\"@type\":\"BreadcrumbList\",\"@id\":\"https:\\\/\\\/glebdranitson24.thkit.ee\\\/wp\\\/?page_id=219#breadcrumb\",\"itemListElement\":[{\"@type\":\"ListItem\",\"position\":1,\"name\":\"\u0413\u043b\u0430\u0432\u043d\u0430\u044f \u0441\u0442\u0440\u0430\u043d\u0438\u0446\u0430\",\"item\":\"https:\\\/\\\/glebdranitson24.thkit.ee\\\/wp\\\/\"},{\"@type\":\"ListItem\",\"position\":2,\"name\":\"Spiral Model\"}]},{\"@type\":\"WebSite\",\"@id\":\"https:\\\/\\\/glebdranitson24.thkit.ee\\\/wp\\\/#website\",\"url\":\"https:\\\/\\\/glebdranitson24.thkit.ee\\\/wp\\\/\",\"name\":\"Gleb Dranitsyn \\\/ Portfolio\",\"description\":\"Tarkvara aarendaja\",\"publisher\":{\"@id\":\"https:\\\/\\\/glebdranitson24.thkit.ee\\\/wp\\\/#organization\"},\"potentialAction\":[{\"@type\":\"SearchAction\",\"target\":{\"@type\":\"EntryPoint\",\"urlTemplate\":\"https:\\\/\\\/glebdranitson24.thkit.ee\\\/wp\\\/?s={search_term_string}\"},\"query-input\":{\"@type\":\"PropertyValueSpecification\",\"valueRequired\":true,\"valueName\":\"search_term_string\"}}],\"inLanguage\":\"et\"},{\"@type\":\"Organization\",\"@id\":\"https:\\\/\\\/glebdranitson24.thkit.ee\\\/wp\\\/#organization\",\"name\":\"Gleb Dranitsyn \\\/ Portfolio\",\"url\":\"https:\\\/\\\/glebdranitson24.thkit.ee\\\/wp\\\/\",\"logo\":{\"@type\":\"ImageObject\",\"inLanguage\":\"et\",\"@id\":\"https:\\\/\\\/glebdranitson24.thkit.ee\\\/wp\\\/#\\\/schema\\\/logo\\\/image\\\/\",\"url\":\"https:\\\/\\\/glebdranitson24.thkit.ee\\\/wp\\\/wp-content\\\/uploads\\\/2025\\\/03\\\/cropped-cropped-logo1.jpg\",\"contentUrl\":\"https:\\\/\\\/glebdranitson24.thkit.ee\\\/wp\\\/wp-content\\\/uploads\\\/2025\\\/03\\\/cropped-cropped-logo1.jpg\",\"width\":400,\"height\":171,\"caption\":\"Gleb Dranitsyn \\\/ Portfolio\"},\"image\":{\"@id\":\"https:\\\/\\\/glebdranitson24.thkit.ee\\\/wp\\\/#\\\/schema\\\/logo\\\/image\\\/\"}}]}<\/script>\n<!-- \/ Yoast SEO plugin. -->","yoast_head_json":{"title":"Spiral Model - Gleb Dranitsyn \/ Portfolio","description":"Spiraalmudel on \u00fcks keerukamaid mudeleid, mis \u00fchendab iteratiivse l\u00e4henemise riskide anal\u00fc\u00fcsi ja juhtimisega.","robots":{"index":"index","follow":"follow","max-snippet":"max-snippet:-1","max-image-preview":"max-image-preview:large","max-video-preview":"max-video-preview:-1"},"canonical":"https:\/\/glebdranitson24.thkit.ee\/wp\/?page_id=219","og_locale":"et_EE","og_type":"article","og_title":"Spiral Model - Gleb Dranitsyn \/ Portfolio","og_description":"Spiraalmudel on \u00fcks keerukamaid mudeleid, mis \u00fchendab iteratiivse l\u00e4henemise riskide anal\u00fc\u00fcsi ja juhtimisega.","og_url":"https:\/\/glebdranitson24.thkit.ee\/wp\/?page_id=219","og_site_name":"Gleb Dranitsyn \/ Portfolio","article_modified_time":"2025-03-28T08:41:23+00:00","twitter_card":"summary_large_image","twitter_misc":{"Est. reading time":"3 minutit"},"schema":{"@context":"https:\/\/schema.org","@graph":[{"@type":"WebPage","@id":"https:\/\/glebdranitson24.thkit.ee\/wp\/?page_id=219","url":"https:\/\/glebdranitson24.thkit.ee\/wp\/?page_id=219","name":"Spiral Model - Gleb Dranitsyn \/ Portfolio","isPartOf":{"@id":"https:\/\/glebdranitson24.thkit.ee\/wp\/#website"},"primaryImageOfPage":{"@id":"https:\/\/glebdranitson24.thkit.ee\/wp\/?page_id=219#primaryimage"},"image":{"@id":"https:\/\/glebdranitson24.thkit.ee\/wp\/?page_id=219#primaryimage"},"thumbnailUrl":"https:\/\/glebdran1tsyn.wordpress.com\/wp-content\/uploads\/2024\/11\/testing-in-spiral-model.png?w=500","datePublished":"2024-11-06T15:06:43+00:00","dateModified":"2025-03-28T08:41:23+00:00","description":"Spiraalmudel on \u00fcks keerukamaid mudeleid, mis \u00fchendab iteratiivse l\u00e4henemise riskide anal\u00fc\u00fcsi ja juhtimisega.","breadcrumb":{"@id":"https:\/\/glebdranitson24.thkit.ee\/wp\/?page_id=219#breadcrumb"},"inLanguage":"et","potentialAction":[{"@type":"ReadAction","target":["https:\/\/glebdranitson24.thkit.ee\/wp\/?page_id=219"]}]},{"@type":"ImageObject","inLanguage":"et","@id":"https:\/\/glebdranitson24.thkit.ee\/wp\/?page_id=219#primaryimage","url":"https:\/\/glebdran1tsyn.wordpress.com\/wp-content\/uploads\/2024\/11\/testing-in-spiral-model.png?w=500","contentUrl":"https:\/\/glebdran1tsyn.wordpress.com\/wp-content\/uploads\/2024\/11\/testing-in-spiral-model.png?w=500"},{"@type":"BreadcrumbList","@id":"https:\/\/glebdranitson24.thkit.ee\/wp\/?page_id=219#breadcrumb","itemListElement":[{"@type":"ListItem","position":1,"name":"\u0413\u043b\u0430\u0432\u043d\u0430\u044f \u0441\u0442\u0440\u0430\u043d\u0438\u0446\u0430","item":"https:\/\/glebdranitson24.thkit.ee\/wp\/"},{"@type":"ListItem","position":2,"name":"Spiral Model"}]},{"@type":"WebSite","@id":"https:\/\/glebdranitson24.thkit.ee\/wp\/#website","url":"https:\/\/glebdranitson24.thkit.ee\/wp\/","name":"Gleb Dranitsyn \/ Portfolio","description":"Tarkvara aarendaja","publisher":{"@id":"https:\/\/glebdranitson24.thkit.ee\/wp\/#organization"},"potentialAction":[{"@type":"SearchAction","target":{"@type":"EntryPoint","urlTemplate":"https:\/\/glebdranitson24.thkit.ee\/wp\/?s={search_term_string}"},"query-input":{"@type":"PropertyValueSpecification","valueRequired":true,"valueName":"search_term_string"}}],"inLanguage":"et"},{"@type":"Organization","@id":"https:\/\/glebdranitson24.thkit.ee\/wp\/#organization","name":"Gleb Dranitsyn \/ Portfolio","url":"https:\/\/glebdranitson24.thkit.ee\/wp\/","logo":{"@type":"ImageObject","inLanguage":"et","@id":"https:\/\/glebdranitson24.thkit.ee\/wp\/#\/schema\/logo\/image\/","url":"https:\/\/glebdranitson24.thkit.ee\/wp\/wp-content\/uploads\/2025\/03\/cropped-cropped-logo1.jpg","contentUrl":"https:\/\/glebdranitson24.thkit.ee\/wp\/wp-content\/uploads\/2025\/03\/cropped-cropped-logo1.jpg","width":400,"height":171,"caption":"Gleb Dranitsyn \/ Portfolio"},"image":{"@id":"https:\/\/glebdranitson24.thkit.ee\/wp\/#\/schema\/logo\/image\/"}}]}},"_links":{"self":[{"href":"https:\/\/glebdranitson24.thkit.ee\/wp\/index.php?rest_route=\/wp\/v2\/pages\/219","targetHints":{"allow":["GET"]}}],"collection":[{"href":"https:\/\/glebdranitson24.thkit.ee\/wp\/index.php?rest_route=\/wp\/v2\/pages"}],"about":[{"href":"https:\/\/glebdranitson24.thkit.ee\/wp\/index.php?rest_route=\/wp\/v2\/types\/page"}],"author":[{"embeddable":true,"href":"https:\/\/glebdranitson24.thkit.ee\/wp\/index.php?rest_route=\/wp\/v2\/users\/1"}],"replies":[{"embeddable":true,"href":"https:\/\/glebdranitson24.thkit.ee\/wp\/index.php?rest_route=%2Fwp%2Fv2%2Fcomments&post=219"}],"version-history":[{"count":2,"href":"https:\/\/glebdranitson24.thkit.ee\/wp\/index.php?rest_route=\/wp\/v2\/pages\/219\/revisions"}],"predecessor-version":[{"id":679,"href":"https:\/\/glebdranitson24.thkit.ee\/wp\/index.php?rest_route=\/wp\/v2\/pages\/219\/revisions\/679"}],"wp:attachment":[{"href":"https:\/\/glebdranitson24.thkit.ee\/wp\/index.php?rest_route=%2Fwp%2Fv2%2Fmedia&parent=219"}],"curies":[{"name":"wp","href":"https:\/\/api.w.org\/{rel}","templated":true}]}}