{"id":76,"date":"2024-08-29T13:40:29","date_gmt":"2024-08-29T13:40:29","guid":{"rendered":"https:\/\/glebdran1tsyn.wordpress.com\/?page_id=76"},"modified":"2025-02-27T09:57:43","modified_gmt":"2025-02-27T09:57:43","slug":"andmebaasid","status":"publish","type":"page","link":"https:\/\/glebdranitson24.thkit.ee\/wp\/?page_id=76","title":{"rendered":"Andmebaasid"},"content":{"rendered":"\n<p>\u0441\u043e\u0437\u0434\u0430\u0435\u043c \u043f\u043e\u043b\u044c\u0437\u043e\u0432\u0430\u0442\u0435\u043b\u044f<\/p>\n\n\n\n<p>CREATE database kasutajaTARgv24;<br>use kasutajaTARgv24;<br>&#8211;SECURITY&#8211;&gt;LOGIN&#8211;&gt;NEW LOGIN<\/p>\n\n\n\n<figure class=\"wp-block-image size-full\"><img loading=\"lazy\" decoding=\"async\" width=\"705\" height=\"657\" src=\"https:\/\/glebdranitson24.thkit.ee\/wp\/wp-content\/uploads\/2025\/02\/security-login-new.png\" alt=\"\" class=\"wp-image-460\" srcset=\"https:\/\/glebdranitson24.thkit.ee\/wp\/wp-content\/uploads\/2025\/02\/security-login-new.png 705w, https:\/\/glebdranitson24.thkit.ee\/wp\/wp-content\/uploads\/2025\/02\/security-login-new-300x280.png 300w, https:\/\/glebdranitson24.thkit.ee\/wp\/wp-content\/uploads\/2025\/02\/security-login-new-150x140.png 150w\" sizes=\"auto, (max-width: 705px) 100vw, 705px\" \/><\/figure>\n\n\n\n<p>\u043c\u0430\u043f\u0438\u043c \u0435\u0433\u043e \u043a \u0411\u0414 \u0438 \u043d\u0430\u0437\u043d\u0430\u0447\u0430\u0435\u043c \u043f\u0440\u0430\u0432\u0430<\/p>\n\n\n\n<figure class=\"wp-block-image size-full\"><img loading=\"lazy\" decoding=\"async\" width=\"697\" height=\"655\" src=\"https:\/\/glebdranitson24.thkit.ee\/wp\/wp-content\/uploads\/2025\/02\/111.png\" alt=\"\" class=\"wp-image-462\" srcset=\"https:\/\/glebdranitson24.thkit.ee\/wp\/wp-content\/uploads\/2025\/02\/111.png 697w, https:\/\/glebdranitson24.thkit.ee\/wp\/wp-content\/uploads\/2025\/02\/111-300x282.png 300w, https:\/\/glebdranitson24.thkit.ee\/wp\/wp-content\/uploads\/2025\/02\/111-150x141.png 150w\" sizes=\"auto, (max-width: 697px) 100vw, 697px\" \/><\/figure>\n\n\n\n<p>&#8211;\u00f5iguste m\u00e4\u00e4ramine<br>&#8211;GRANT SQL tegevus (INSERT) ON tabelnimi TO kasutajanimi<br>GRANT INSERT ON test TO opilaneGleb;<br>&#8211;\u00f5guste keelamine<br>DENY DELETE ON test TO opilaneGleb;<\/p>\n","protected":false},"excerpt":{"rendered":"<p>\u0441\u043e\u0437\u0434\u0430\u0435\u043c \u043f\u043e\u043b\u044c\u0437\u043e\u0432\u0430\u0442\u0435\u043b\u044f CREATE database kasutajaTARgv24;use kasutajaTARgv24;&#8211;SECURITY&#8211;&gt;LOGIN&#8211;&gt;NEW LOGIN \u043c\u0430\u043f\u0438\u043c \u0435\u0433\u043e \u043a \u0411\u0414 \u0438 \u043d\u0430\u0437\u043d\u0430\u0447\u0430\u0435\u043c \u043f\u0440\u0430\u0432\u0430 &#8211;\u00f5iguste m\u00e4\u00e4ramine&#8211;GRANT SQL tegevus (INSERT) ON tabelnimi TO kasutajanimiGRANT INSERT ON test TO opilaneGleb;&#8211;\u00f5guste keelamineDENY DELETE ON test TO opilaneGleb;<\/p>\n","protected":false},"author":1,"featured_media":0,"parent":0,"menu_order":0,"comment_status":"closed","ping_status":"closed","template":"","meta":{"footnotes":""},"class_list":["post-76","page","type-page","status-publish"],"yoast_head":"<!-- This site is optimized with the Yoast SEO plugin v27.3 - https:\/\/yoast.com\/product\/yoast-seo-wordpress\/ -->\n<title>Andmebaasid - Gleb Dranitsyn \/ Portfolio<\/title>\n<meta name=\"robots\" content=\"index, follow, max-snippet:-1, max-image-preview:large, max-video-preview:-1\" \/>\n<link rel=\"canonical\" href=\"https:\/\/glebdranitson24.thkit.ee\/wp\/?page_id=76\" \/>\n<meta property=\"og:locale\" content=\"et_EE\" \/>\n<meta property=\"og:type\" content=\"article\" \/>\n<meta property=\"og:title\" content=\"Andmebaasid - Gleb Dranitsyn \/ Portfolio\" \/>\n<meta property=\"og:description\" content=\"\u0441\u043e\u0437\u0434\u0430\u0435\u043c \u043f\u043e\u043b\u044c\u0437\u043e\u0432\u0430\u0442\u0435\u043b\u044f CREATE database kasutajaTARgv24;use kasutajaTARgv24;&#8211;SECURITY&#8211;&gt;LOGIN&#8211;&gt;NEW LOGIN \u043c\u0430\u043f\u0438\u043c \u0435\u0433\u043e \u043a \u0411\u0414 \u0438 \u043d\u0430\u0437\u043d\u0430\u0447\u0430\u0435\u043c \u043f\u0440\u0430\u0432\u0430 &#8211;\u00f5iguste m\u00e4\u00e4ramine&#8211;GRANT SQL tegevus (INSERT) ON tabelnimi TO kasutajanimiGRANT INSERT ON test TO opilaneGleb;&#8211;\u00f5guste keelamineDENY DELETE ON test TO opilaneGleb;\" \/>\n<meta property=\"og:url\" content=\"https:\/\/glebdranitson24.thkit.ee\/wp\/?page_id=76\" \/>\n<meta property=\"og:site_name\" content=\"Gleb Dranitsyn \/ Portfolio\" \/>\n<meta property=\"article:modified_time\" content=\"2025-02-27T09:57:43+00:00\" \/>\n<meta property=\"og:image\" content=\"https:\/\/glebdranitson24.thkit.ee\/wp\/wp-content\/uploads\/2025\/02\/security-login-new.png\" \/>\n\t<meta property=\"og:image:width\" content=\"705\" \/>\n\t<meta property=\"og:image:height\" content=\"657\" \/>\n\t<meta property=\"og:image:type\" content=\"image\/png\" \/>\n<meta name=\"twitter:card\" content=\"summary_large_image\" \/>\n<script type=\"application\/ld+json\" class=\"yoast-schema-graph\">{\"@context\":\"https:\\\/\\\/schema.org\",\"@graph\":[{\"@type\":\"WebPage\",\"@id\":\"https:\\\/\\\/glebdranitson24.thkit.ee\\\/wp\\\/?page_id=76\",\"url\":\"https:\\\/\\\/glebdranitson24.thkit.ee\\\/wp\\\/?page_id=76\",\"name\":\"Andmebaasid - Gleb Dranitsyn \\\/ Portfolio\",\"isPartOf\":{\"@id\":\"https:\\\/\\\/glebdranitson24.thkit.ee\\\/wp\\\/#website\"},\"primaryImageOfPage\":{\"@id\":\"https:\\\/\\\/glebdranitson24.thkit.ee\\\/wp\\\/?page_id=76#primaryimage\"},\"image\":{\"@id\":\"https:\\\/\\\/glebdranitson24.thkit.ee\\\/wp\\\/?page_id=76#primaryimage\"},\"thumbnailUrl\":\"https:\\\/\\\/glebdranitson24.thkit.ee\\\/wp\\\/wp-content\\\/uploads\\\/2025\\\/02\\\/security-login-new.png\",\"datePublished\":\"2024-08-29T13:40:29+00:00\",\"dateModified\":\"2025-02-27T09:57:43+00:00\",\"breadcrumb\":{\"@id\":\"https:\\\/\\\/glebdranitson24.thkit.ee\\\/wp\\\/?page_id=76#breadcrumb\"},\"inLanguage\":\"et\",\"potentialAction\":[{\"@type\":\"ReadAction\",\"target\":[\"https:\\\/\\\/glebdranitson24.thkit.ee\\\/wp\\\/?page_id=76\"]}]},{\"@type\":\"ImageObject\",\"inLanguage\":\"et\",\"@id\":\"https:\\\/\\\/glebdranitson24.thkit.ee\\\/wp\\\/?page_id=76#primaryimage\",\"url\":\"https:\\\/\\\/glebdranitson24.thkit.ee\\\/wp\\\/wp-content\\\/uploads\\\/2025\\\/02\\\/security-login-new.png\",\"contentUrl\":\"https:\\\/\\\/glebdranitson24.thkit.ee\\\/wp\\\/wp-content\\\/uploads\\\/2025\\\/02\\\/security-login-new.png\",\"width\":705,\"height\":657},{\"@type\":\"BreadcrumbList\",\"@id\":\"https:\\\/\\\/glebdranitson24.thkit.ee\\\/wp\\\/?page_id=76#breadcrumb\",\"itemListElement\":[{\"@type\":\"ListItem\",\"position\":1,\"name\":\"\u0413\u043b\u0430\u0432\u043d\u0430\u044f \u0441\u0442\u0440\u0430\u043d\u0438\u0446\u0430\",\"item\":\"https:\\\/\\\/glebdranitson24.thkit.ee\\\/wp\\\/\"},{\"@type\":\"ListItem\",\"position\":2,\"name\":\"Andmebaasid\"}]},{\"@type\":\"WebSite\",\"@id\":\"https:\\\/\\\/glebdranitson24.thkit.ee\\\/wp\\\/#website\",\"url\":\"https:\\\/\\\/glebdranitson24.thkit.ee\\\/wp\\\/\",\"name\":\"Gleb Dranitsyn \\\/ Portfolio\",\"description\":\"Tarkvara aarendaja\",\"publisher\":{\"@id\":\"https:\\\/\\\/glebdranitson24.thkit.ee\\\/wp\\\/#organization\"},\"potentialAction\":[{\"@type\":\"SearchAction\",\"target\":{\"@type\":\"EntryPoint\",\"urlTemplate\":\"https:\\\/\\\/glebdranitson24.thkit.ee\\\/wp\\\/?s={search_term_string}\"},\"query-input\":{\"@type\":\"PropertyValueSpecification\",\"valueRequired\":true,\"valueName\":\"search_term_string\"}}],\"inLanguage\":\"et\"},{\"@type\":\"Organization\",\"@id\":\"https:\\\/\\\/glebdranitson24.thkit.ee\\\/wp\\\/#organization\",\"name\":\"Gleb Dranitsyn \\\/ Portfolio\",\"url\":\"https:\\\/\\\/glebdranitson24.thkit.ee\\\/wp\\\/\",\"logo\":{\"@type\":\"ImageObject\",\"inLanguage\":\"et\",\"@id\":\"https:\\\/\\\/glebdranitson24.thkit.ee\\\/wp\\\/#\\\/schema\\\/logo\\\/image\\\/\",\"url\":\"https:\\\/\\\/glebdranitson24.thkit.ee\\\/wp\\\/wp-content\\\/uploads\\\/2025\\\/03\\\/cropped-cropped-logo1.jpg\",\"contentUrl\":\"https:\\\/\\\/glebdranitson24.thkit.ee\\\/wp\\\/wp-content\\\/uploads\\\/2025\\\/03\\\/cropped-cropped-logo1.jpg\",\"width\":400,\"height\":171,\"caption\":\"Gleb Dranitsyn \\\/ Portfolio\"},\"image\":{\"@id\":\"https:\\\/\\\/glebdranitson24.thkit.ee\\\/wp\\\/#\\\/schema\\\/logo\\\/image\\\/\"}}]}<\/script>\n<!-- \/ Yoast SEO plugin. -->","yoast_head_json":{"title":"Andmebaasid - Gleb Dranitsyn \/ Portfolio","robots":{"index":"index","follow":"follow","max-snippet":"max-snippet:-1","max-image-preview":"max-image-preview:large","max-video-preview":"max-video-preview:-1"},"canonical":"https:\/\/glebdranitson24.thkit.ee\/wp\/?page_id=76","og_locale":"et_EE","og_type":"article","og_title":"Andmebaasid - Gleb Dranitsyn \/ Portfolio","og_description":"\u0441\u043e\u0437\u0434\u0430\u0435\u043c \u043f\u043e\u043b\u044c\u0437\u043e\u0432\u0430\u0442\u0435\u043b\u044f CREATE database kasutajaTARgv24;use kasutajaTARgv24;&#8211;SECURITY&#8211;&gt;LOGIN&#8211;&gt;NEW LOGIN \u043c\u0430\u043f\u0438\u043c \u0435\u0433\u043e \u043a \u0411\u0414 \u0438 \u043d\u0430\u0437\u043d\u0430\u0447\u0430\u0435\u043c \u043f\u0440\u0430\u0432\u0430 &#8211;\u00f5iguste m\u00e4\u00e4ramine&#8211;GRANT SQL tegevus (INSERT) ON tabelnimi TO kasutajanimiGRANT INSERT ON test TO opilaneGleb;&#8211;\u00f5guste keelamineDENY DELETE ON test TO opilaneGleb;","og_url":"https:\/\/glebdranitson24.thkit.ee\/wp\/?page_id=76","og_site_name":"Gleb Dranitsyn \/ Portfolio","article_modified_time":"2025-02-27T09:57:43+00:00","og_image":[{"width":705,"height":657,"url":"https:\/\/glebdranitson24.thkit.ee\/wp\/wp-content\/uploads\/2025\/02\/security-login-new.png","type":"image\/png"}],"twitter_card":"summary_large_image","schema":{"@context":"https:\/\/schema.org","@graph":[{"@type":"WebPage","@id":"https:\/\/glebdranitson24.thkit.ee\/wp\/?page_id=76","url":"https:\/\/glebdranitson24.thkit.ee\/wp\/?page_id=76","name":"Andmebaasid - Gleb Dranitsyn \/ Portfolio","isPartOf":{"@id":"https:\/\/glebdranitson24.thkit.ee\/wp\/#website"},"primaryImageOfPage":{"@id":"https:\/\/glebdranitson24.thkit.ee\/wp\/?page_id=76#primaryimage"},"image":{"@id":"https:\/\/glebdranitson24.thkit.ee\/wp\/?page_id=76#primaryimage"},"thumbnailUrl":"https:\/\/glebdranitson24.thkit.ee\/wp\/wp-content\/uploads\/2025\/02\/security-login-new.png","datePublished":"2024-08-29T13:40:29+00:00","dateModified":"2025-02-27T09:57:43+00:00","breadcrumb":{"@id":"https:\/\/glebdranitson24.thkit.ee\/wp\/?page_id=76#breadcrumb"},"inLanguage":"et","potentialAction":[{"@type":"ReadAction","target":["https:\/\/glebdranitson24.thkit.ee\/wp\/?page_id=76"]}]},{"@type":"ImageObject","inLanguage":"et","@id":"https:\/\/glebdranitson24.thkit.ee\/wp\/?page_id=76#primaryimage","url":"https:\/\/glebdranitson24.thkit.ee\/wp\/wp-content\/uploads\/2025\/02\/security-login-new.png","contentUrl":"https:\/\/glebdranitson24.thkit.ee\/wp\/wp-content\/uploads\/2025\/02\/security-login-new.png","width":705,"height":657},{"@type":"BreadcrumbList","@id":"https:\/\/glebdranitson24.thkit.ee\/wp\/?page_id=76#breadcrumb","itemListElement":[{"@type":"ListItem","position":1,"name":"\u0413\u043b\u0430\u0432\u043d\u0430\u044f \u0441\u0442\u0440\u0430\u043d\u0438\u0446\u0430","item":"https:\/\/glebdranitson24.thkit.ee\/wp\/"},{"@type":"ListItem","position":2,"name":"Andmebaasid"}]},{"@type":"WebSite","@id":"https:\/\/glebdranitson24.thkit.ee\/wp\/#website","url":"https:\/\/glebdranitson24.thkit.ee\/wp\/","name":"Gleb Dranitsyn \/ Portfolio","description":"Tarkvara aarendaja","publisher":{"@id":"https:\/\/glebdranitson24.thkit.ee\/wp\/#organization"},"potentialAction":[{"@type":"SearchAction","target":{"@type":"EntryPoint","urlTemplate":"https:\/\/glebdranitson24.thkit.ee\/wp\/?s={search_term_string}"},"query-input":{"@type":"PropertyValueSpecification","valueRequired":true,"valueName":"search_term_string"}}],"inLanguage":"et"},{"@type":"Organization","@id":"https:\/\/glebdranitson24.thkit.ee\/wp\/#organization","name":"Gleb Dranitsyn \/ Portfolio","url":"https:\/\/glebdranitson24.thkit.ee\/wp\/","logo":{"@type":"ImageObject","inLanguage":"et","@id":"https:\/\/glebdranitson24.thkit.ee\/wp\/#\/schema\/logo\/image\/","url":"https:\/\/glebdranitson24.thkit.ee\/wp\/wp-content\/uploads\/2025\/03\/cropped-cropped-logo1.jpg","contentUrl":"https:\/\/glebdranitson24.thkit.ee\/wp\/wp-content\/uploads\/2025\/03\/cropped-cropped-logo1.jpg","width":400,"height":171,"caption":"Gleb Dranitsyn \/ Portfolio"},"image":{"@id":"https:\/\/glebdranitson24.thkit.ee\/wp\/#\/schema\/logo\/image\/"}}]}},"_links":{"self":[{"href":"https:\/\/glebdranitson24.thkit.ee\/wp\/index.php?rest_route=\/wp\/v2\/pages\/76","targetHints":{"allow":["GET"]}}],"collection":[{"href":"https:\/\/glebdranitson24.thkit.ee\/wp\/index.php?rest_route=\/wp\/v2\/pages"}],"about":[{"href":"https:\/\/glebdranitson24.thkit.ee\/wp\/index.php?rest_route=\/wp\/v2\/types\/page"}],"author":[{"embeddable":true,"href":"https:\/\/glebdranitson24.thkit.ee\/wp\/index.php?rest_route=\/wp\/v2\/users\/1"}],"replies":[{"embeddable":true,"href":"https:\/\/glebdranitson24.thkit.ee\/wp\/index.php?rest_route=%2Fwp%2Fv2%2Fcomments&post=76"}],"version-history":[{"count":2,"href":"https:\/\/glebdranitson24.thkit.ee\/wp\/index.php?rest_route=\/wp\/v2\/pages\/76\/revisions"}],"predecessor-version":[{"id":630,"href":"https:\/\/glebdranitson24.thkit.ee\/wp\/index.php?rest_route=\/wp\/v2\/pages\/76\/revisions\/630"}],"wp:attachment":[{"href":"https:\/\/glebdranitson24.thkit.ee\/wp\/index.php?rest_route=%2Fwp%2Fv2%2Fmedia&parent=76"}],"curies":[{"name":"wp","href":"https:\/\/api.w.org\/{rel}","templated":true}]}}