{"id":98,"date":"2024-09-02T09:12:27","date_gmt":"2024-09-02T09:12:27","guid":{"rendered":"https:\/\/glebdran1tsyn.wordpress.com\/?page_id=98"},"modified":"2025-03-28T08:37:36","modified_gmt":"2025-03-28T08:37:36","slug":"minust-portfolio","status":"publish","type":"page","link":"https:\/\/glebdranitson24.thkit.ee\/wp\/","title":{"rendered":"Minust"},"content":{"rendered":"<div class=\"wp-block-image\">\n<figure class=\"aligncenter size-large is-resized\"><a href=\"https:\/\/glebdran1tsyn.wordpress.com\/wp-content\/uploads\/2024\/09\/332487279_895980734859980_3152586424216548366_n.jpg\"><img decoding=\"async\" src=\"https:\/\/glebdran1tsyn.wordpress.com\/wp-content\/uploads\/2024\/09\/332487279_895980734859980_3152586424216548366_n.jpg?w=628\" alt=\"Kaitsev\u00e4gi, Minust, Gleb Dranitsyn\" class=\"wp-image-111\" style=\"width:350px;height:auto\"\/><\/a><\/figure>\n<\/div>\n\n\n<p><strong>Head p\u00e4eva! Minu nimi on Gleb Dranitsyn, ma olen 30-aastane ja astusin \u00fclikooli p\u00e4rast 11 aastat kestnud degradeerumist.<\/strong><\/p>\n\n\n\n<p>Selle aja jooksul on minu elus juhtunud palju erinevaid s\u00fcndmusi.<\/p>\n\n\n\n<p>Poja s\u00fcnd, korteri ja auto ost, aga ka erinevad keerulised elusituatsioonid.<\/p>\n\n\n\n<p>Aga k\u00f5ige t\u00e4htsam on see, et on tulnud teadlikkus ja soov uusi teadmisi saada\u2026 Kahju, et arusaam sellest tuleb aastaid hiljem.<\/p>\n\n\n\n<p>Olen v\u00e4ga seltskondlik ja avatud inimene, alati valmis aitama kaas\u00f5pilasi, kui neil on k\u00fcsimusi ja kui oskan neile vastata.<\/p>\n\n\n\n<p>Kui hobidest r\u00e4\u00e4kida: kunagi korraldasin diskosid, olin omal ajal DJ ja m\u00e4ngisin hokit. Ta teenis ka s\u00f5jav\u00e4es.<\/p>\n\n\n\n<p>Praegused hobid: poja kasvatamine, vahel playstation.<\/p>\n\n\n\n<p>Hetkel t\u00f6\u00f6tan alates 2013 aastast InterCom Group O\u00dc-s (saunamaailm) Meil \u200b\u200bon suur veebipood (saunadele k\u00f5ik, harjast ehituseni) toimetame \u00fcle maailma, kuid peakontor asub Tallinnas. Meil on ka f\u00fc\u00fcsiline kauplus J\u00e4rve Keskuses ja saunak\u00fcla.<\/p>\n\n\n\n<p>Minu t\u00f6\u00f6\u00fclesannete hulka kuuluvad: kodulehe haldamine, t\u00f6\u00f6 toodetega (hinnad, kirjeldused jne), kodulehe sisuga t\u00e4itmine. T\u00f6\u00f6tan ka laoprogrammiga erply ja perioodiliselt Exceliga, kuna pean hindu uuendama grupit\u00f6\u00f6tluse abil, mida on palju lihtsam teha tabelite abil.<\/p>\n\n\n\n<p>Hetkel arendame oma veebipoele uut kodulehte, mis integreerib t\u00e4ielikult Erpli. Arendusprotsessi k\u00e4igus kandsin kogu andmebaasi meie vanalt saidilt Erplisse endasse. N\u00fc\u00fcd viimistleb programmeerija funktsionaalsust ja j\u00e4rgmisel aastal lansseerime oma veebipoe uue versiooni.<\/p>\n\n\n\n<p>Kursuse l\u00e4bimisel soovin omandada teadmisi, mis aitavad mind edasises t\u00f6\u00f6s, m\u00f5ne protsessi automatiseerimisel.<\/p>\n\n\n\n<figure class=\"wp-block-gallery has-nested-images columns-3 is-cropped is-style-rectangular wp-block-gallery-1 is-layout-flex wp-block-gallery-is-layout-flex\">\n<figure class=\"wp-block-image size-large\"><img decoding=\"async\" data-id=\"118\" src=\"https:\/\/glebdran1tsyn.wordpress.com\/wp-content\/uploads\/2024\/09\/13047876_1064217390322051_8454551306907826551_o.jpg?w=1024\" alt=\"J\u00e4\u00e4hoki v\u00f5istlus, Gleb Dranitsyn\" class=\"wp-image-118\"\/><\/figure>\n\n\n\n<figure class=\"wp-block-image size-large\"><img decoding=\"async\" data-id=\"119\" src=\"https:\/\/glebdran1tsyn.wordpress.com\/wp-content\/uploads\/2024\/09\/277762931_5051651268245290_193516948659687925_n.jpg?w=768\" alt=\"Mina Gleb Dranitsyn\" class=\"wp-image-119\"\/><\/figure>\n\n\n\n<figure class=\"wp-block-image size-large\"><img decoding=\"async\" data-id=\"120\" src=\"https:\/\/glebdran1tsyn.wordpress.com\/wp-content\/uploads\/2024\/09\/13528392_1111152605628529_8680462135688043080_o.jpg?w=820\" alt=\"Hobbi Gleb Dranitsyn\" class=\"wp-image-120\"\/><\/figure>\n<\/figure>\n\n\n\n\n\n\n\n\n<p><\/p>\n","protected":false},"excerpt":{"rendered":"<p>Head p\u00e4eva! Minu nimi on Gleb Dranitsyn, ma olen 30-aastane ja astusin \u00fclikooli p\u00e4rast 11 aastat kestnud degradeerumist. Selle aja jooksul on minu elus juhtunud palju erinevaid s\u00fcndmusi. Poja s\u00fcnd, korteri ja auto ost, aga ka erinevad keerulised elusituatsioonid. Aga k\u00f5ige t\u00e4htsam on see, et on tulnud teadlikkus ja soov uusi teadmisi saada\u2026 Kahju, et &#8230; <a title=\"Minust\" class=\"read-more\" href=\"https:\/\/glebdranitson24.thkit.ee\/wp\/\" aria-label=\"Read more about Minust\">Read more<\/a><\/p>\n","protected":false},"author":1,"featured_media":0,"parent":0,"menu_order":0,"comment_status":"closed","ping_status":"closed","template":"","meta":{"footnotes":""},"class_list":["post-98","page","type-page","status-publish"],"yoast_head":"<!-- This site is optimized with the Yoast SEO plugin v27.3 - https:\/\/yoast.com\/product\/yoast-seo-wordpress\/ -->\n<title>Minust - Gleb Dranitsyn \/ Portfolio<\/title>\n<meta name=\"description\" content=\"Head p\u00e4eva! Minu nimi on Gleb Dranitsyn, ma olen 30-aastane ja astusin \u00fclikooli p\u00e4rast 11 aastat kestnud degradeerumist.\" \/>\n<meta name=\"robots\" content=\"index, follow, max-snippet:-1, max-image-preview:large, max-video-preview:-1\" \/>\n<link rel=\"canonical\" href=\"https:\/\/glebdranitson24.thkit.ee\/wp\/\" \/>\n<meta property=\"og:locale\" content=\"et_EE\" \/>\n<meta property=\"og:type\" content=\"article\" \/>\n<meta property=\"og:title\" content=\"Minust - Gleb Dranitsyn \/ Portfolio\" \/>\n<meta property=\"og:description\" content=\"Head p\u00e4eva! Minu nimi on Gleb Dranitsyn, ma olen 30-aastane ja astusin \u00fclikooli p\u00e4rast 11 aastat kestnud degradeerumist.\" \/>\n<meta property=\"og:url\" content=\"https:\/\/glebdranitson24.thkit.ee\/wp\/\" \/>\n<meta property=\"og:site_name\" content=\"Gleb Dranitsyn \/ Portfolio\" \/>\n<meta property=\"article:modified_time\" content=\"2025-03-28T08:37:36+00:00\" \/>\n<meta name=\"twitter:card\" content=\"summary_large_image\" \/>\n<meta name=\"twitter:label1\" content=\"Est. reading time\" \/>\n\t<meta name=\"twitter:data1\" content=\"2 minutit\" \/>\n<script type=\"application\/ld+json\" class=\"yoast-schema-graph\">{\"@context\":\"https:\\\/\\\/schema.org\",\"@graph\":[{\"@type\":\"WebPage\",\"@id\":\"https:\\\/\\\/glebdranitson24.thkit.ee\\\/wp\\\/\",\"url\":\"https:\\\/\\\/glebdranitson24.thkit.ee\\\/wp\\\/\",\"name\":\"Minust - Gleb Dranitsyn \\\/ Portfolio\",\"isPartOf\":{\"@id\":\"https:\\\/\\\/glebdranitson24.thkit.ee\\\/wp\\\/#website\"},\"primaryImageOfPage\":{\"@id\":\"https:\\\/\\\/glebdranitson24.thkit.ee\\\/wp\\\/#primaryimage\"},\"image\":{\"@id\":\"https:\\\/\\\/glebdranitson24.thkit.ee\\\/wp\\\/#primaryimage\"},\"thumbnailUrl\":\"https:\\\/\\\/glebdran1tsyn.wordpress.com\\\/wp-content\\\/uploads\\\/2024\\\/09\\\/332487279_895980734859980_3152586424216548366_n.jpg?w=628\",\"datePublished\":\"2024-09-02T09:12:27+00:00\",\"dateModified\":\"2025-03-28T08:37:36+00:00\",\"description\":\"Head p\u00e4eva! Minu nimi on Gleb Dranitsyn, ma olen 30-aastane ja astusin \u00fclikooli p\u00e4rast 11 aastat kestnud degradeerumist.\",\"breadcrumb\":{\"@id\":\"https:\\\/\\\/glebdranitson24.thkit.ee\\\/wp\\\/#breadcrumb\"},\"inLanguage\":\"et\",\"potentialAction\":[{\"@type\":\"ReadAction\",\"target\":[\"https:\\\/\\\/glebdranitson24.thkit.ee\\\/wp\\\/\"]}]},{\"@type\":\"ImageObject\",\"inLanguage\":\"et\",\"@id\":\"https:\\\/\\\/glebdranitson24.thkit.ee\\\/wp\\\/#primaryimage\",\"url\":\"https:\\\/\\\/glebdran1tsyn.wordpress.com\\\/wp-content\\\/uploads\\\/2024\\\/09\\\/332487279_895980734859980_3152586424216548366_n.jpg?w=628\",\"contentUrl\":\"https:\\\/\\\/glebdran1tsyn.wordpress.com\\\/wp-content\\\/uploads\\\/2024\\\/09\\\/332487279_895980734859980_3152586424216548366_n.jpg?w=628\"},{\"@type\":\"BreadcrumbList\",\"@id\":\"https:\\\/\\\/glebdranitson24.thkit.ee\\\/wp\\\/#breadcrumb\",\"itemListElement\":[{\"@type\":\"ListItem\",\"position\":1,\"name\":\"\u0413\u043b\u0430\u0432\u043d\u0430\u044f \u0441\u0442\u0440\u0430\u043d\u0438\u0446\u0430\",\"item\":\"https:\\\/\\\/glebdranitson24.thkit.ee\\\/wp\\\/\"},{\"@type\":\"ListItem\",\"position\":2,\"name\":\"Minust\"}]},{\"@type\":\"WebSite\",\"@id\":\"https:\\\/\\\/glebdranitson24.thkit.ee\\\/wp\\\/#website\",\"url\":\"https:\\\/\\\/glebdranitson24.thkit.ee\\\/wp\\\/\",\"name\":\"Gleb Dranitsyn \\\/ Portfolio\",\"description\":\"Tarkvara aarendaja\",\"publisher\":{\"@id\":\"https:\\\/\\\/glebdranitson24.thkit.ee\\\/wp\\\/#organization\"},\"potentialAction\":[{\"@type\":\"SearchAction\",\"target\":{\"@type\":\"EntryPoint\",\"urlTemplate\":\"https:\\\/\\\/glebdranitson24.thkit.ee\\\/wp\\\/?s={search_term_string}\"},\"query-input\":{\"@type\":\"PropertyValueSpecification\",\"valueRequired\":true,\"valueName\":\"search_term_string\"}}],\"inLanguage\":\"et\"},{\"@type\":\"Organization\",\"@id\":\"https:\\\/\\\/glebdranitson24.thkit.ee\\\/wp\\\/#organization\",\"name\":\"Gleb Dranitsyn \\\/ Portfolio\",\"url\":\"https:\\\/\\\/glebdranitson24.thkit.ee\\\/wp\\\/\",\"logo\":{\"@type\":\"ImageObject\",\"inLanguage\":\"et\",\"@id\":\"https:\\\/\\\/glebdranitson24.thkit.ee\\\/wp\\\/#\\\/schema\\\/logo\\\/image\\\/\",\"url\":\"https:\\\/\\\/glebdranitson24.thkit.ee\\\/wp\\\/wp-content\\\/uploads\\\/2025\\\/03\\\/cropped-cropped-logo1.jpg\",\"contentUrl\":\"https:\\\/\\\/glebdranitson24.thkit.ee\\\/wp\\\/wp-content\\\/uploads\\\/2025\\\/03\\\/cropped-cropped-logo1.jpg\",\"width\":400,\"height\":171,\"caption\":\"Gleb Dranitsyn \\\/ Portfolio\"},\"image\":{\"@id\":\"https:\\\/\\\/glebdranitson24.thkit.ee\\\/wp\\\/#\\\/schema\\\/logo\\\/image\\\/\"}}]}<\/script>\n<!-- \/ Yoast SEO plugin. -->","yoast_head_json":{"title":"Minust - Gleb Dranitsyn \/ Portfolio","description":"Head p\u00e4eva! Minu nimi on Gleb Dranitsyn, ma olen 30-aastane ja astusin \u00fclikooli p\u00e4rast 11 aastat kestnud degradeerumist.","robots":{"index":"index","follow":"follow","max-snippet":"max-snippet:-1","max-image-preview":"max-image-preview:large","max-video-preview":"max-video-preview:-1"},"canonical":"https:\/\/glebdranitson24.thkit.ee\/wp\/","og_locale":"et_EE","og_type":"article","og_title":"Minust - Gleb Dranitsyn \/ Portfolio","og_description":"Head p\u00e4eva! Minu nimi on Gleb Dranitsyn, ma olen 30-aastane ja astusin \u00fclikooli p\u00e4rast 11 aastat kestnud degradeerumist.","og_url":"https:\/\/glebdranitson24.thkit.ee\/wp\/","og_site_name":"Gleb Dranitsyn \/ Portfolio","article_modified_time":"2025-03-28T08:37:36+00:00","twitter_card":"summary_large_image","twitter_misc":{"Est. reading time":"2 minutit"},"schema":{"@context":"https:\/\/schema.org","@graph":[{"@type":"WebPage","@id":"https:\/\/glebdranitson24.thkit.ee\/wp\/","url":"https:\/\/glebdranitson24.thkit.ee\/wp\/","name":"Minust - Gleb Dranitsyn \/ Portfolio","isPartOf":{"@id":"https:\/\/glebdranitson24.thkit.ee\/wp\/#website"},"primaryImageOfPage":{"@id":"https:\/\/glebdranitson24.thkit.ee\/wp\/#primaryimage"},"image":{"@id":"https:\/\/glebdranitson24.thkit.ee\/wp\/#primaryimage"},"thumbnailUrl":"https:\/\/glebdran1tsyn.wordpress.com\/wp-content\/uploads\/2024\/09\/332487279_895980734859980_3152586424216548366_n.jpg?w=628","datePublished":"2024-09-02T09:12:27+00:00","dateModified":"2025-03-28T08:37:36+00:00","description":"Head p\u00e4eva! Minu nimi on Gleb Dranitsyn, ma olen 30-aastane ja astusin \u00fclikooli p\u00e4rast 11 aastat kestnud degradeerumist.","breadcrumb":{"@id":"https:\/\/glebdranitson24.thkit.ee\/wp\/#breadcrumb"},"inLanguage":"et","potentialAction":[{"@type":"ReadAction","target":["https:\/\/glebdranitson24.thkit.ee\/wp\/"]}]},{"@type":"ImageObject","inLanguage":"et","@id":"https:\/\/glebdranitson24.thkit.ee\/wp\/#primaryimage","url":"https:\/\/glebdran1tsyn.wordpress.com\/wp-content\/uploads\/2024\/09\/332487279_895980734859980_3152586424216548366_n.jpg?w=628","contentUrl":"https:\/\/glebdran1tsyn.wordpress.com\/wp-content\/uploads\/2024\/09\/332487279_895980734859980_3152586424216548366_n.jpg?w=628"},{"@type":"BreadcrumbList","@id":"https:\/\/glebdranitson24.thkit.ee\/wp\/#breadcrumb","itemListElement":[{"@type":"ListItem","position":1,"name":"\u0413\u043b\u0430\u0432\u043d\u0430\u044f \u0441\u0442\u0440\u0430\u043d\u0438\u0446\u0430","item":"https:\/\/glebdranitson24.thkit.ee\/wp\/"},{"@type":"ListItem","position":2,"name":"Minust"}]},{"@type":"WebSite","@id":"https:\/\/glebdranitson24.thkit.ee\/wp\/#website","url":"https:\/\/glebdranitson24.thkit.ee\/wp\/","name":"Gleb Dranitsyn \/ Portfolio","description":"Tarkvara aarendaja","publisher":{"@id":"https:\/\/glebdranitson24.thkit.ee\/wp\/#organization"},"potentialAction":[{"@type":"SearchAction","target":{"@type":"EntryPoint","urlTemplate":"https:\/\/glebdranitson24.thkit.ee\/wp\/?s={search_term_string}"},"query-input":{"@type":"PropertyValueSpecification","valueRequired":true,"valueName":"search_term_string"}}],"inLanguage":"et"},{"@type":"Organization","@id":"https:\/\/glebdranitson24.thkit.ee\/wp\/#organization","name":"Gleb Dranitsyn \/ Portfolio","url":"https:\/\/glebdranitson24.thkit.ee\/wp\/","logo":{"@type":"ImageObject","inLanguage":"et","@id":"https:\/\/glebdranitson24.thkit.ee\/wp\/#\/schema\/logo\/image\/","url":"https:\/\/glebdranitson24.thkit.ee\/wp\/wp-content\/uploads\/2025\/03\/cropped-cropped-logo1.jpg","contentUrl":"https:\/\/glebdranitson24.thkit.ee\/wp\/wp-content\/uploads\/2025\/03\/cropped-cropped-logo1.jpg","width":400,"height":171,"caption":"Gleb Dranitsyn \/ Portfolio"},"image":{"@id":"https:\/\/glebdranitson24.thkit.ee\/wp\/#\/schema\/logo\/image\/"}}]}},"_links":{"self":[{"href":"https:\/\/glebdranitson24.thkit.ee\/wp\/index.php?rest_route=\/wp\/v2\/pages\/98","targetHints":{"allow":["GET"]}}],"collection":[{"href":"https:\/\/glebdranitson24.thkit.ee\/wp\/index.php?rest_route=\/wp\/v2\/pages"}],"about":[{"href":"https:\/\/glebdranitson24.thkit.ee\/wp\/index.php?rest_route=\/wp\/v2\/types\/page"}],"author":[{"embeddable":true,"href":"https:\/\/glebdranitson24.thkit.ee\/wp\/index.php?rest_route=\/wp\/v2\/users\/1"}],"replies":[{"embeddable":true,"href":"https:\/\/glebdranitson24.thkit.ee\/wp\/index.php?rest_route=%2Fwp%2Fv2%2Fcomments&post=98"}],"version-history":[{"count":3,"href":"https:\/\/glebdranitson24.thkit.ee\/wp\/index.php?rest_route=\/wp\/v2\/pages\/98\/revisions"}],"predecessor-version":[{"id":677,"href":"https:\/\/glebdranitson24.thkit.ee\/wp\/index.php?rest_route=\/wp\/v2\/pages\/98\/revisions\/677"}],"wp:attachment":[{"href":"https:\/\/glebdranitson24.thkit.ee\/wp\/index.php?rest_route=%2Fwp%2Fv2%2Fmedia&parent=98"}],"curies":[{"name":"wp","href":"https:\/\/api.w.org\/{rel}","templated":true}]}}