{"id":76,"date":"2024-08-29T13:40:29","date_gmt":"2024-08-29T13:40:29","guid":{"rendered":"https:\/\/glebdran1tsyn.wordpress.com\/?page_id=76"},"modified":"2025-03-06T10:59:58","modified_gmt":"2025-03-06T07:59:58","slug":"andmebaasid","status":"publish","type":"page","link":"https:\/\/glebdranitson24.thkit.ee\/wp\/rus\/?page_id=76","title":{"rendered":"\u0411\u0430\u0437\u0430 \u0434\u0430\u043d\u043d\u044b\u0445"},"content":{"rendered":"\n<p>\u0441\u043e\u0437\u0434\u0430\u0435\u043c \u043f\u043e\u043b\u044c\u0437\u043e\u0432\u0430\u0442\u0435\u043b\u044f<\/p>\n\n\n\n<p>CREATE database kasutajaTARgv24;<br>use kasutajaTARgv24;<br>&#8212;SECURITY&#8212;&gt;LOGIN&#8212;&gt;NEW LOGIN<\/p>\n\n\n\n<figure class=\"wp-block-image size-full\"><img decoding=\"async\" src=\"https:\/\/glebdranitson24.thkit.ee\/wp\/wp-content\/uploads\/2025\/02\/security-login-new.png\" alt=\"\" class=\"wp-image-460\" \/><\/figure>\n\n\n\n<p>\u043c\u0430\u043f\u0438\u043c \u0435\u0433\u043e \u043a \u0411\u0414 \u0438 \u043d\u0430\u0437\u043d\u0430\u0447\u0430\u0435\u043c \u043f\u0440\u0430\u0432\u0430<\/p>\n\n\n\n<figure class=\"wp-block-image size-full\"><img decoding=\"async\" src=\"https:\/\/glebdranitson24.thkit.ee\/wp\/wp-content\/uploads\/2025\/02\/111.png\" alt=\"\" class=\"wp-image-462\" \/><\/figure>\n\n\n\n<p>&#8212;\u00f5iguste m\u00e4\u00e4ramine<br>&#8212;GRANT SQL tegevus (INSERT) ON tabelnimi TO kasutajanimi<br>GRANT INSERT ON test TO opilaneGleb;<br>&#8212;\u00f5guste keelamine<br>DENY DELETE ON test TO opilaneGleb;<\/p>\n","protected":false},"excerpt":{"rendered":"<p>\u0441\u043e\u0437\u0434\u0430\u0435\u043c \u043f\u043e\u043b\u044c\u0437\u043e\u0432\u0430\u0442\u0435\u043b\u044f CREATE database kasutajaTARgv24;use kasutajaTARgv24;&#8212;SECURITY&#8212;&gt;LOGIN&#8212;&gt;NEW LOGIN \u043c\u0430\u043f\u0438\u043c \u0435\u0433\u043e \u043a \u0411\u0414 \u0438 \u043d\u0430\u0437\u043d\u0430\u0447\u0430\u0435\u043c \u043f\u0440\u0430\u0432\u0430 &#8212;\u00f5iguste m\u00e4\u00e4ramine&#8212;GRANT SQL tegevus (INSERT) ON tabelnimi TO kasutajanimiGRANT INSERT ON test TO opilaneGleb;&#8212;\u00f5guste keelamineDENY DELETE ON test TO opilaneGleb;<\/p>\n","protected":false},"author":1,"featured_media":0,"parent":0,"menu_order":0,"comment_status":"closed","ping_status":"closed","template":"","meta":{"footnotes":""},"class_list":["post-76","page","type-page","status-publish"],"yoast_head":"<!-- This site is optimized with the Yoast SEO plugin v27.3 - https:\/\/yoast.com\/product\/yoast-seo-wordpress\/ -->\n<title>\u0411\u0430\u0437\u0430 \u0434\u0430\u043d\u043d\u044b\u0445 - Gleb Dranitsyn \/ \u041f\u043e\u0440\u0442\u0444\u043e\u043b\u0438\u043e<\/title>\n<meta name=\"robots\" content=\"index, follow, max-snippet:-1, max-image-preview:large, max-video-preview:-1\" \/>\n<link rel=\"canonical\" href=\"https:\/\/glebdranitson24.thkit.ee\/wp\/rus\/?page_id=76\" \/>\n<meta property=\"og:locale\" content=\"ru_RU\" \/>\n<meta property=\"og:type\" content=\"article\" \/>\n<meta property=\"og:title\" content=\"\u0411\u0430\u0437\u0430 \u0434\u0430\u043d\u043d\u044b\u0445 - Gleb Dranitsyn \/ \u041f\u043e\u0440\u0442\u0444\u043e\u043b\u0438\u043e\" \/>\n<meta property=\"og:description\" content=\"\u0441\u043e\u0437\u0434\u0430\u0435\u043c \u043f\u043e\u043b\u044c\u0437\u043e\u0432\u0430\u0442\u0435\u043b\u044f CREATE database kasutajaTARgv24;use kasutajaTARgv24;&#8212;SECURITY&#8212;&gt;LOGIN&#8212;&gt;NEW LOGIN \u043c\u0430\u043f\u0438\u043c \u0435\u0433\u043e \u043a \u0411\u0414 \u0438 \u043d\u0430\u0437\u043d\u0430\u0447\u0430\u0435\u043c \u043f\u0440\u0430\u0432\u0430 &#8212;\u00f5iguste m\u00e4\u00e4ramine&#8212;GRANT SQL tegevus (INSERT) ON tabelnimi TO kasutajanimiGRANT INSERT ON test TO opilaneGleb;&#8212;\u00f5guste keelamineDENY DELETE ON test TO opilaneGleb;\" \/>\n<meta property=\"og:url\" content=\"https:\/\/glebdranitson24.thkit.ee\/wp\/rus\/?page_id=76\" \/>\n<meta property=\"og:site_name\" content=\"Gleb Dranitsyn \/ \u041f\u043e\u0440\u0442\u0444\u043e\u043b\u0438\u043e\" \/>\n<meta property=\"article:modified_time\" content=\"2025-03-06T07:59:58+00:00\" \/>\n<meta name=\"twitter:card\" content=\"summary_large_image\" \/>\n<script type=\"application\/ld+json\" class=\"yoast-schema-graph\">{\"@context\":\"https:\\\/\\\/schema.org\",\"@graph\":[{\"@type\":\"WebPage\",\"@id\":\"https:\\\/\\\/glebdranitson24.thkit.ee\\\/wp\\\/rus\\\/?page_id=76\",\"url\":\"https:\\\/\\\/glebdranitson24.thkit.ee\\\/wp\\\/rus\\\/?page_id=76\",\"name\":\"\u0411\u0430\u0437\u0430 \u0434\u0430\u043d\u043d\u044b\u0445 - Gleb Dranitsyn \\\/ \u041f\u043e\u0440\u0442\u0444\u043e\u043b\u0438\u043e\",\"isPartOf\":{\"@id\":\"https:\\\/\\\/glebdranitson24.thkit.ee\\\/wp\\\/rus\\\/#website\"},\"primaryImageOfPage\":{\"@id\":\"https:\\\/\\\/glebdranitson24.thkit.ee\\\/wp\\\/rus\\\/?page_id=76#primaryimage\"},\"image\":{\"@id\":\"https:\\\/\\\/glebdranitson24.thkit.ee\\\/wp\\\/rus\\\/?page_id=76#primaryimage\"},\"thumbnailUrl\":\"https:\\\/\\\/glebdranitson24.thkit.ee\\\/wp\\\/wp-content\\\/uploads\\\/2025\\\/02\\\/security-login-new.png\",\"datePublished\":\"2024-08-29T13:40:29+00:00\",\"dateModified\":\"2025-03-06T07:59:58+00:00\",\"breadcrumb\":{\"@id\":\"https:\\\/\\\/glebdranitson24.thkit.ee\\\/wp\\\/rus\\\/?page_id=76#breadcrumb\"},\"inLanguage\":\"ru-RU\",\"potentialAction\":[{\"@type\":\"ReadAction\",\"target\":[\"https:\\\/\\\/glebdranitson24.thkit.ee\\\/wp\\\/rus\\\/?page_id=76\"]}]},{\"@type\":\"ImageObject\",\"inLanguage\":\"ru-RU\",\"@id\":\"https:\\\/\\\/glebdranitson24.thkit.ee\\\/wp\\\/rus\\\/?page_id=76#primaryimage\",\"url\":\"https:\\\/\\\/glebdranitson24.thkit.ee\\\/wp\\\/wp-content\\\/uploads\\\/2025\\\/02\\\/security-login-new.png\",\"contentUrl\":\"https:\\\/\\\/glebdranitson24.thkit.ee\\\/wp\\\/wp-content\\\/uploads\\\/2025\\\/02\\\/security-login-new.png\"},{\"@type\":\"BreadcrumbList\",\"@id\":\"https:\\\/\\\/glebdranitson24.thkit.ee\\\/wp\\\/rus\\\/?page_id=76#breadcrumb\",\"itemListElement\":[{\"@type\":\"ListItem\",\"position\":1,\"name\":\"\u0413\u043b\u0430\u0432\u043d\u0430\u044f \u0441\u0442\u0440\u0430\u043d\u0438\u0446\u0430\",\"item\":\"https:\\\/\\\/glebdranitson24.thkit.ee\\\/wp\\\/rus\\\/\"},{\"@type\":\"ListItem\",\"position\":2,\"name\":\"\u0411\u0430\u0437\u0430 \u0434\u0430\u043d\u043d\u044b\u0445\"}]},{\"@type\":\"WebSite\",\"@id\":\"https:\\\/\\\/glebdranitson24.thkit.ee\\\/wp\\\/rus\\\/#website\",\"url\":\"https:\\\/\\\/glebdranitson24.thkit.ee\\\/wp\\\/rus\\\/\",\"name\":\"Gleb Dranitsyn \\\/ \u041f\u043e\u0440\u0442\u0444\u043e\u043b\u0438\u043e\",\"description\":\"\",\"publisher\":{\"@id\":\"https:\\\/\\\/glebdranitson24.thkit.ee\\\/wp\\\/rus\\\/#organization\"},\"potentialAction\":[{\"@type\":\"SearchAction\",\"target\":{\"@type\":\"EntryPoint\",\"urlTemplate\":\"https:\\\/\\\/glebdranitson24.thkit.ee\\\/wp\\\/rus\\\/?s={search_term_string}\"},\"query-input\":{\"@type\":\"PropertyValueSpecification\",\"valueRequired\":true,\"valueName\":\"search_term_string\"}}],\"inLanguage\":\"ru-RU\"},{\"@type\":\"Organization\",\"@id\":\"https:\\\/\\\/glebdranitson24.thkit.ee\\\/wp\\\/rus\\\/#organization\",\"name\":\"Gleb Dranitsyn \\\/ \u041f\u043e\u0440\u0442\u0444\u043e\u043b\u0438\u043e\",\"url\":\"https:\\\/\\\/glebdranitson24.thkit.ee\\\/wp\\\/rus\\\/\",\"logo\":{\"@type\":\"ImageObject\",\"inLanguage\":\"ru-RU\",\"@id\":\"https:\\\/\\\/glebdranitson24.thkit.ee\\\/wp\\\/rus\\\/#\\\/schema\\\/logo\\\/image\\\/\",\"url\":\"https:\\\/\\\/glebdranitson24.thkit.ee\\\/wp\\\/rus\\\/wp-content\\\/uploads\\\/sites\\\/2\\\/2025\\\/03\\\/cropped-logo1.jpg\",\"contentUrl\":\"https:\\\/\\\/glebdranitson24.thkit.ee\\\/wp\\\/rus\\\/wp-content\\\/uploads\\\/sites\\\/2\\\/2025\\\/03\\\/cropped-logo1.jpg\",\"width\":400,\"height\":167,\"caption\":\"Gleb Dranitsyn \\\/ \u041f\u043e\u0440\u0442\u0444\u043e\u043b\u0438\u043e\"},\"image\":{\"@id\":\"https:\\\/\\\/glebdranitson24.thkit.ee\\\/wp\\\/rus\\\/#\\\/schema\\\/logo\\\/image\\\/\"}}]}<\/script>\n<!-- \/ Yoast SEO plugin. -->","yoast_head_json":{"title":"\u0411\u0430\u0437\u0430 \u0434\u0430\u043d\u043d\u044b\u0445 - Gleb Dranitsyn \/ \u041f\u043e\u0440\u0442\u0444\u043e\u043b\u0438\u043e","robots":{"index":"index","follow":"follow","max-snippet":"max-snippet:-1","max-image-preview":"max-image-preview:large","max-video-preview":"max-video-preview:-1"},"canonical":"https:\/\/glebdranitson24.thkit.ee\/wp\/rus\/?page_id=76","og_locale":"ru_RU","og_type":"article","og_title":"\u0411\u0430\u0437\u0430 \u0434\u0430\u043d\u043d\u044b\u0445 - Gleb Dranitsyn \/ \u041f\u043e\u0440\u0442\u0444\u043e\u043b\u0438\u043e","og_description":"\u0441\u043e\u0437\u0434\u0430\u0435\u043c \u043f\u043e\u043b\u044c\u0437\u043e\u0432\u0430\u0442\u0435\u043b\u044f CREATE database kasutajaTARgv24;use kasutajaTARgv24;&#8212;SECURITY&#8212;&gt;LOGIN&#8212;&gt;NEW LOGIN \u043c\u0430\u043f\u0438\u043c \u0435\u0433\u043e \u043a \u0411\u0414 \u0438 \u043d\u0430\u0437\u043d\u0430\u0447\u0430\u0435\u043c \u043f\u0440\u0430\u0432\u0430 &#8212;\u00f5iguste m\u00e4\u00e4ramine&#8212;GRANT SQL tegevus (INSERT) ON tabelnimi TO kasutajanimiGRANT INSERT ON test TO opilaneGleb;&#8212;\u00f5guste keelamineDENY DELETE ON test TO opilaneGleb;","og_url":"https:\/\/glebdranitson24.thkit.ee\/wp\/rus\/?page_id=76","og_site_name":"Gleb Dranitsyn \/ \u041f\u043e\u0440\u0442\u0444\u043e\u043b\u0438\u043e","article_modified_time":"2025-03-06T07:59:58+00:00","twitter_card":"summary_large_image","schema":{"@context":"https:\/\/schema.org","@graph":[{"@type":"WebPage","@id":"https:\/\/glebdranitson24.thkit.ee\/wp\/rus\/?page_id=76","url":"https:\/\/glebdranitson24.thkit.ee\/wp\/rus\/?page_id=76","name":"\u0411\u0430\u0437\u0430 \u0434\u0430\u043d\u043d\u044b\u0445 - Gleb Dranitsyn \/ \u041f\u043e\u0440\u0442\u0444\u043e\u043b\u0438\u043e","isPartOf":{"@id":"https:\/\/glebdranitson24.thkit.ee\/wp\/rus\/#website"},"primaryImageOfPage":{"@id":"https:\/\/glebdranitson24.thkit.ee\/wp\/rus\/?page_id=76#primaryimage"},"image":{"@id":"https:\/\/glebdranitson24.thkit.ee\/wp\/rus\/?page_id=76#primaryimage"},"thumbnailUrl":"https:\/\/glebdranitson24.thkit.ee\/wp\/wp-content\/uploads\/2025\/02\/security-login-new.png","datePublished":"2024-08-29T13:40:29+00:00","dateModified":"2025-03-06T07:59:58+00:00","breadcrumb":{"@id":"https:\/\/glebdranitson24.thkit.ee\/wp\/rus\/?page_id=76#breadcrumb"},"inLanguage":"ru-RU","potentialAction":[{"@type":"ReadAction","target":["https:\/\/glebdranitson24.thkit.ee\/wp\/rus\/?page_id=76"]}]},{"@type":"ImageObject","inLanguage":"ru-RU","@id":"https:\/\/glebdranitson24.thkit.ee\/wp\/rus\/?page_id=76#primaryimage","url":"https:\/\/glebdranitson24.thkit.ee\/wp\/wp-content\/uploads\/2025\/02\/security-login-new.png","contentUrl":"https:\/\/glebdranitson24.thkit.ee\/wp\/wp-content\/uploads\/2025\/02\/security-login-new.png"},{"@type":"BreadcrumbList","@id":"https:\/\/glebdranitson24.thkit.ee\/wp\/rus\/?page_id=76#breadcrumb","itemListElement":[{"@type":"ListItem","position":1,"name":"\u0413\u043b\u0430\u0432\u043d\u0430\u044f \u0441\u0442\u0440\u0430\u043d\u0438\u0446\u0430","item":"https:\/\/glebdranitson24.thkit.ee\/wp\/rus\/"},{"@type":"ListItem","position":2,"name":"\u0411\u0430\u0437\u0430 \u0434\u0430\u043d\u043d\u044b\u0445"}]},{"@type":"WebSite","@id":"https:\/\/glebdranitson24.thkit.ee\/wp\/rus\/#website","url":"https:\/\/glebdranitson24.thkit.ee\/wp\/rus\/","name":"Gleb Dranitsyn \/ \u041f\u043e\u0440\u0442\u0444\u043e\u043b\u0438\u043e","description":"","publisher":{"@id":"https:\/\/glebdranitson24.thkit.ee\/wp\/rus\/#organization"},"potentialAction":[{"@type":"SearchAction","target":{"@type":"EntryPoint","urlTemplate":"https:\/\/glebdranitson24.thkit.ee\/wp\/rus\/?s={search_term_string}"},"query-input":{"@type":"PropertyValueSpecification","valueRequired":true,"valueName":"search_term_string"}}],"inLanguage":"ru-RU"},{"@type":"Organization","@id":"https:\/\/glebdranitson24.thkit.ee\/wp\/rus\/#organization","name":"Gleb Dranitsyn \/ \u041f\u043e\u0440\u0442\u0444\u043e\u043b\u0438\u043e","url":"https:\/\/glebdranitson24.thkit.ee\/wp\/rus\/","logo":{"@type":"ImageObject","inLanguage":"ru-RU","@id":"https:\/\/glebdranitson24.thkit.ee\/wp\/rus\/#\/schema\/logo\/image\/","url":"https:\/\/glebdranitson24.thkit.ee\/wp\/rus\/wp-content\/uploads\/sites\/2\/2025\/03\/cropped-logo1.jpg","contentUrl":"https:\/\/glebdranitson24.thkit.ee\/wp\/rus\/wp-content\/uploads\/sites\/2\/2025\/03\/cropped-logo1.jpg","width":400,"height":167,"caption":"Gleb Dranitsyn \/ \u041f\u043e\u0440\u0442\u0444\u043e\u043b\u0438\u043e"},"image":{"@id":"https:\/\/glebdranitson24.thkit.ee\/wp\/rus\/#\/schema\/logo\/image\/"}}]}},"_links":{"self":[{"href":"https:\/\/glebdranitson24.thkit.ee\/wp\/rus\/index.php?rest_route=\/wp\/v2\/pages\/76","targetHints":{"allow":["GET"]}}],"collection":[{"href":"https:\/\/glebdranitson24.thkit.ee\/wp\/rus\/index.php?rest_route=\/wp\/v2\/pages"}],"about":[{"href":"https:\/\/glebdranitson24.thkit.ee\/wp\/rus\/index.php?rest_route=\/wp\/v2\/types\/page"}],"author":[{"embeddable":true,"href":"https:\/\/glebdranitson24.thkit.ee\/wp\/rus\/index.php?rest_route=\/wp\/v2\/users\/1"}],"replies":[{"embeddable":true,"href":"https:\/\/glebdranitson24.thkit.ee\/wp\/rus\/index.php?rest_route=%2Fwp%2Fv2%2Fcomments&post=76"}],"version-history":[{"count":1,"href":"https:\/\/glebdranitson24.thkit.ee\/wp\/rus\/index.php?rest_route=\/wp\/v2\/pages\/76\/revisions"}],"predecessor-version":[{"id":442,"href":"https:\/\/glebdranitson24.thkit.ee\/wp\/rus\/index.php?rest_route=\/wp\/v2\/pages\/76\/revisions\/442"}],"wp:attachment":[{"href":"https:\/\/glebdranitson24.thkit.ee\/wp\/rus\/index.php?rest_route=%2Fwp%2Fv2%2Fmedia&parent=76"}],"curies":[{"name":"wp","href":"https:\/\/api.w.org\/{rel}","templated":true}]}}